{"id":6180,"date":"2025-09-11T14:22:21","date_gmt":"2025-09-11T12:22:21","guid":{"rendered":"http:\/\/wordpress.p692940.webspaceconfig.de\/?page_id=6180"},"modified":"2026-02-19T08:59:35","modified_gmt":"2026-02-19T07:59:35","slug":"events","status":"publish","type":"page","link":"https:\/\/bsr-sachverstaendige.de\/en\/events\/","title":{"rendered":"Events"},"content":{"rendered":"\t\t<div data-elementor-type=\"wp-page\" data-elementor-id=\"6180\" class=\"elementor elementor-6180\" data-elementor-post-type=\"page\">\n\t\t\t\t\t\t<section class=\"elementor-section elementor-top-section elementor-element elementor-element-cab346b elementor-section-full_width elementor-section-height-default elementor-section-height-default\" data-id=\"cab346b\" data-element_type=\"section\" data-e-type=\"section\">\n\t\t\t\t\t\t<div class=\"elementor-container elementor-column-gap-no\">\n\t\t\t\t\t<div class=\"elementor-column elementor-col-100 elementor-top-column elementor-element elementor-element-98c2663\" data-id=\"98c2663\" data-element_type=\"column\" data-e-type=\"column\">\n\t\t\t<div class=\"elementor-widget-wrap elementor-element-populated\">\n\t\t\t\t\t\t<div class=\"elementor-element elementor-element-2cdedaa elementor-widget elementor-widget-image\" data-id=\"2cdedaa\" data-element_type=\"widget\" data-e-type=\"widget\" data-widget_type=\"image.default\">\n\t\t\t\t<div class=\"elementor-widget-container\">\n\t\t\t\t\t\t\t\t\t\t\t\t\t\t\t<img fetchpriority=\"high\" decoding=\"async\" width=\"2560\" height=\"1707\" src=\"https:\/\/bsr-sachverstaendige.de\/wp-content\/uploads\/2025\/09\/dylan-gillis-KdeqA3aTnBY-unsplash-scaled.webp\" class=\"attachment-full size-full wp-image-6235\" alt=\"Besprechungssituation mit Notizen\" srcset=\"https:\/\/bsr-sachverstaendige.de\/wp-content\/uploads\/2025\/09\/dylan-gillis-KdeqA3aTnBY-unsplash-scaled.webp 2560w, https:\/\/bsr-sachverstaendige.de\/wp-content\/uploads\/2025\/09\/dylan-gillis-KdeqA3aTnBY-unsplash-300x200.webp 300w, https:\/\/bsr-sachverstaendige.de\/wp-content\/uploads\/2025\/09\/dylan-gillis-KdeqA3aTnBY-unsplash-1024x683.webp 1024w, https:\/\/bsr-sachverstaendige.de\/wp-content\/uploads\/2025\/09\/dylan-gillis-KdeqA3aTnBY-unsplash-768x512.webp 768w, https:\/\/bsr-sachverstaendige.de\/wp-content\/uploads\/2025\/09\/dylan-gillis-KdeqA3aTnBY-unsplash-1536x1024.webp 1536w, https:\/\/bsr-sachverstaendige.de\/wp-content\/uploads\/2025\/09\/dylan-gillis-KdeqA3aTnBY-unsplash-2048x1365.webp 2048w\" sizes=\"(max-width: 2560px) 100vw, 2560px\" \/>\t\t\t\t\t\t\t\t\t\t\t\t\t\t\t<\/div>\n\t\t\t\t<\/div>\n\t\t\t\t\t<\/div>\n\t\t<\/div>\n\t\t\t\t\t<\/div>\n\t\t<\/section>\n\t\t\t\t<section class=\"elementor-section elementor-top-section elementor-element elementor-element-94aa661 elementor-section-boxed elementor-section-height-default elementor-section-height-default\" data-id=\"94aa661\" data-element_type=\"section\" data-e-type=\"section\" data-settings=\"{&quot;background_background&quot;:&quot;classic&quot;}\">\n\t\t\t\t\t\t<div class=\"elementor-container elementor-column-gap-default\">\n\t\t\t\t\t<div class=\"elementor-column elementor-col-100 elementor-top-column elementor-element elementor-element-2490156\" data-id=\"2490156\" data-element_type=\"column\" data-e-type=\"column\">\n\t\t\t<div class=\"elementor-widget-wrap elementor-element-populated\">\n\t\t\t\t\t\t<div class=\"elementor-element elementor-element-0c92da9 elementor-widget elementor-widget-heading\" data-id=\"0c92da9\" data-element_type=\"widget\" data-e-type=\"widget\" data-widget_type=\"heading.default\">\n\t\t\t\t<div class=\"elementor-widget-container\">\n\t\t\t\t\t<h2 class=\"elementor-heading-title elementor-size-default\">Anmeldung <\/h2>\t\t\t\t<\/div>\n\t\t\t\t<\/div>\n\t\t\t\t<div class=\"elementor-element elementor-element-bd2cf5c elementor-widget elementor-widget-heading\" data-id=\"bd2cf5c\" data-element_type=\"widget\" data-e-type=\"widget\" data-widget_type=\"heading.default\">\n\t\t\t\t<div class=\"elementor-widget-container\">\n\t\t\t\t\t<h4 class=\"elementor-heading-title elementor-size-default\">Hier k\u00f6nnen Sie sich f\u00fcr zuk\u00fcnftige Events anmelden.<\/h4>\t\t\t\t<\/div>\n\t\t\t\t<\/div>\n\t\t\t\t\t<\/div>\n\t\t<\/div>\n\t\t\t\t\t<\/div>\n\t\t<\/section>\n\t\t\t\t<section class=\"elementor-section elementor-top-section elementor-element elementor-element-4140bd8 elementor-section-boxed elementor-section-height-default elementor-section-height-default\" data-id=\"4140bd8\" data-element_type=\"section\" data-e-type=\"section\">\n\t\t\t\t\t\t<div class=\"elementor-container elementor-column-gap-default\">\n\t\t\t\t\t<div class=\"elementor-column elementor-col-100 elementor-top-column elementor-element elementor-element-64e781c\" data-id=\"64e781c\" data-element_type=\"column\" data-e-type=\"column\">\n\t\t\t<div class=\"elementor-widget-wrap elementor-element-populated\">\n\t\t\t\t\t\t<div class=\"elementor-element elementor-element-12ca2bc elementor-hidden-desktop elementor-hidden-tablet elementor-hidden-mobile elementor-button-align-stretch elementor-widget elementor-widget-form\" data-id=\"12ca2bc\" data-element_type=\"widget\" data-e-type=\"widget\" data-settings=\"{&quot;step_next_label&quot;:&quot;N\\u00e4chster&quot;,&quot;step_previous_label&quot;:&quot;Voriger&quot;,&quot;button_width&quot;:&quot;100&quot;,&quot;step_type&quot;:&quot;number_text&quot;,&quot;step_icon_shape&quot;:&quot;circle&quot;}\" data-widget_type=\"form.default\">\n\t\t\t\t<div class=\"elementor-widget-container\">\n\t\t\t\t\t\t\t<form class=\"elementor-form\" method=\"post\" name=\"Sachverst\u00e4ndigentag\" aria-label=\"Sachverst\u00e4ndigentag\">\n\t\t\t<input type=\"hidden\" name=\"post_id\" value=\"6180\"\/>\n\t\t\t<input type=\"hidden\" name=\"form_id\" value=\"12ca2bc\"\/>\n\t\t\t<input type=\"hidden\" name=\"referer_title\" value=\"Events - BSR\" \/>\n\n\t\t\t\t\t\t\t<input type=\"hidden\" name=\"queried_id\" value=\"6180\"\/>\n\t\t\t\n\t\t\t<div class=\"elementor-form-fields-wrapper elementor-labels-above\">\n\t\t\t\t\t\t\t\t<div class=\"elementor-field-type-text elementor-field-group elementor-column elementor-field-group-name elementor-col-50 elementor-field-required elementor-mark-required\">\n\t\t\t\t\t\t\t\t\t\t\t\t<label for=\"form-field-name\" class=\"elementor-field-label\">\n\t\t\t\t\t\t\t\tNachname\t\t\t\t\t\t\t<\/label>\n\t\t\t\t\t\t\t\t\t\t\t\t\t\t<input size=\"1\" type=\"text\" name=\"form_fields[name]\" id=\"form-field-name\" class=\"elementor-field elementor-size-sm  elementor-field-textual\" required=\"required\">\n\t\t\t\t\t\t\t\t\t\t\t<\/div>\n\t\t\t\t\t\t\t\t<div class=\"elementor-field-type-text elementor-field-group elementor-column elementor-field-group-email elementor-col-50 elementor-field-required elementor-mark-required\">\n\t\t\t\t\t\t\t\t\t\t\t\t<label for=\"form-field-email\" class=\"elementor-field-label\">\n\t\t\t\t\t\t\t\tVorname\t\t\t\t\t\t\t<\/label>\n\t\t\t\t\t\t\t\t\t\t\t\t\t\t<input size=\"1\" type=\"text\" name=\"form_fields[email]\" id=\"form-field-email\" class=\"elementor-field elementor-size-sm  elementor-field-textual\" required=\"required\">\n\t\t\t\t\t\t\t\t\t\t\t<\/div>\n\t\t\t\t\t\t\t\t<div class=\"elementor-field-type-text elementor-field-group elementor-column elementor-field-group-field_9ed0c65 elementor-col-100 elementor-field-required elementor-mark-required\">\n\t\t\t\t\t\t\t\t\t\t\t\t<label for=\"form-field-field_9ed0c65\" class=\"elementor-field-label\">\n\t\t\t\t\t\t\t\tAnschrift\t\t\t\t\t\t\t<\/label>\n\t\t\t\t\t\t\t\t\t\t\t\t\t\t<input size=\"1\" type=\"text\" name=\"form_fields[field_9ed0c65]\" id=\"form-field-field_9ed0c65\" class=\"elementor-field elementor-size-sm  elementor-field-textual\" required=\"required\">\n\t\t\t\t\t\t\t\t\t\t\t<\/div>\n\t\t\t\t\t\t\t\t<div class=\"elementor-field-type-text elementor-field-group elementor-column elementor-field-group-field_02f11fa elementor-col-25 elementor-field-required elementor-mark-required\">\n\t\t\t\t\t\t\t\t\t\t\t\t<label for=\"form-field-field_02f11fa\" class=\"elementor-field-label\">\n\t\t\t\t\t\t\t\tPLZ\t\t\t\t\t\t\t<\/label>\n\t\t\t\t\t\t\t\t\t\t\t\t\t\t<input size=\"1\" type=\"text\" name=\"form_fields[field_02f11fa]\" id=\"form-field-field_02f11fa\" class=\"elementor-field elementor-size-sm  elementor-field-textual\" required=\"required\">\n\t\t\t\t\t\t\t\t\t\t\t<\/div>\n\t\t\t\t\t\t\t\t<div class=\"elementor-field-type-text elementor-field-group elementor-column elementor-field-group-field_8d4e082 elementor-col-75 elementor-field-required elementor-mark-required\">\n\t\t\t\t\t\t\t\t\t\t\t\t<label for=\"form-field-field_8d4e082\" class=\"elementor-field-label\">\n\t\t\t\t\t\t\t\tWohnort\t\t\t\t\t\t\t<\/label>\n\t\t\t\t\t\t\t\t\t\t\t\t\t\t<input size=\"1\" type=\"text\" name=\"form_fields[field_8d4e082]\" id=\"form-field-field_8d4e082\" class=\"elementor-field elementor-size-sm  elementor-field-textual\" required=\"required\">\n\t\t\t\t\t\t\t\t\t\t\t<\/div>\n\t\t\t\t\t\t\t\t<div class=\"elementor-field-type-text elementor-field-group elementor-column elementor-field-group-field_4359425 elementor-col-75 elementor-field-required elementor-mark-required\">\n\t\t\t\t\t\t\t\t\t\t\t\t<label for=\"form-field-field_4359425\" class=\"elementor-field-label\">\n\t\t\t\t\t\t\t\tStra\u00dfe\t\t\t\t\t\t\t<\/label>\n\t\t\t\t\t\t\t\t\t\t\t\t\t\t<input size=\"1\" type=\"text\" name=\"form_fields[field_4359425]\" id=\"form-field-field_4359425\" class=\"elementor-field elementor-size-sm  elementor-field-textual\" required=\"required\">\n\t\t\t\t\t\t\t\t\t\t\t<\/div>\n\t\t\t\t\t\t\t\t<div class=\"elementor-field-type-text elementor-field-group elementor-column elementor-field-group-field_ef249d6 elementor-col-25 elementor-field-required elementor-mark-required\">\n\t\t\t\t\t\t\t\t\t\t\t\t<label for=\"form-field-field_ef249d6\" class=\"elementor-field-label\">\n\t\t\t\t\t\t\t\tHausnummer\t\t\t\t\t\t\t<\/label>\n\t\t\t\t\t\t\t\t\t\t\t\t\t\t<input size=\"1\" type=\"text\" name=\"form_fields[field_ef249d6]\" id=\"form-field-field_ef249d6\" class=\"elementor-field elementor-size-sm  elementor-field-textual\" required=\"required\">\n\t\t\t\t\t\t\t\t\t\t\t<\/div>\n\t\t\t\t\t\t\t\t<div class=\"elementor-field-type-email elementor-field-group elementor-column elementor-field-group-field_ae8e16f elementor-col-100 elementor-field-required elementor-mark-required\">\n\t\t\t\t\t\t\t\t\t\t\t\t<label for=\"form-field-field_ae8e16f\" class=\"elementor-field-label\">\n\t\t\t\t\t\t\t\tE-Mailadresse\t\t\t\t\t\t\t<\/label>\n\t\t\t\t\t\t\t\t\t\t\t\t\t\t<input size=\"1\" type=\"email\" name=\"form_fields[field_ae8e16f]\" id=\"form-field-field_ae8e16f\" class=\"elementor-field elementor-size-sm  elementor-field-textual\" required=\"required\">\n\t\t\t\t\t\t\t\t\t\t\t<\/div>\n\t\t\t\t\t\t\t\t<div class=\"elementor-field-type-text elementor-field-group elementor-column elementor-field-group-field_9fba797 elementor-col-100 elementor-field-required elementor-mark-required\">\n\t\t\t\t\t\t\t\t\t\t\t\t<label for=\"form-field-field_9fba797\" class=\"elementor-field-label\">\n\t\t\t\t\t\t\t\tIch \/ Wir nehmen mit so vielen Personen an der BSR Jahrestagung 2025 teil\t\t\t\t\t\t\t<\/label>\n\t\t\t\t\t\t\t\t\t\t\t\t\t\t<input size=\"1\" type=\"text\" name=\"form_fields[field_9fba797]\" id=\"form-field-field_9fba797\" class=\"elementor-field elementor-size-sm  elementor-field-textual\" required=\"required\">\n\t\t\t\t\t\t\t\t\t\t\t<\/div>\n\t\t\t\t\t\t\t\t<div class=\"elementor-field-type-text elementor-field-group elementor-column elementor-field-group-field_003524f elementor-col-100 elementor-field-required elementor-mark-required\">\n\t\t\t\t\t\t\t\t\t\t\t\t<label for=\"form-field-field_003524f\" class=\"elementor-field-label\">\n\t\t\t\t\t\t\t\tIch \/ Wir m\u00f6chte\/n am Freitagabend, den 17.10.2025 ab 19:00 Uhr beim Essen im Brauhaus \"Keule\" mit so vielen Personen teilnehmen (selbstzahler).\t\t\t\t\t\t\t<\/label>\n\t\t\t\t\t\t\t\t\t\t\t\t\t\t<input size=\"1\" type=\"text\" name=\"form_fields[field_003524f]\" id=\"form-field-field_003524f\" class=\"elementor-field elementor-size-sm  elementor-field-textual\" required=\"required\">\n\t\t\t\t\t\t\t\t\t\t\t<\/div>\n\t\t\t\t\t\t\t\t<div class=\"elementor-field-type-text elementor-field-group elementor-column elementor-field-group-field_eeb77e5 elementor-col-100 elementor-field-required elementor-mark-required\">\n\t\t\t\t\t\t\t\t\t\t\t\t<label for=\"form-field-field_eeb77e5\" class=\"elementor-field-label\">\n\t\t\t\t\t\t\t\tIch \/ Wir nehmen mit so vielen Personen an der Stadtf\u00fchrung am 17.10.2025 teil. Den Kostenbeitrag \u00fcbernimmt der BSR.\t\t\t\t\t\t\t<\/label>\n\t\t\t\t\t\t\t\t\t\t\t\t\t\t<input size=\"1\" type=\"text\" name=\"form_fields[field_eeb77e5]\" id=\"form-field-field_eeb77e5\" class=\"elementor-field elementor-size-sm  elementor-field-textual\" required=\"required\">\n\t\t\t\t\t\t\t\t\t\t\t<\/div>\n\t\t\t\t\t\t\t\t<div class=\"elementor-field-type-select elementor-field-group elementor-column elementor-field-group-field_b89b922 elementor-col-100 elementor-field-required elementor-mark-required\">\n\t\t\t\t\t\t\t\t\t\t\t\t<label for=\"form-field-field_b89b922\" class=\"elementor-field-label\">\n\t\t\t\t\t\t\t\tIch \/ Wir haben Interesse, die Jahrestagung am Samstagnachmittag\/-abend gemeinsam ausklingen zu lassen \t\t\t\t\t\t\t<\/label>\n\t\t\t\t\t\t\t\t<div class=\"elementor-field elementor-select-wrapper remove-before \">\n\t\t\t<div class=\"select-caret-down-wrapper\">\n\t\t\t\t<svg aria-hidden=\"true\" class=\"e-font-icon-svg e-eicon-caret-down\" viewBox=\"0 0 571.4 571.4\" xmlns=\"http:\/\/www.w3.org\/2000\/svg\"><path d=\"M571 393Q571 407 561 418L311 668Q300 679 286 679T261 668L11 418Q0 407 0 393T11 368 36 357H536Q550 357 561 368T571 393Z\"><\/path><\/svg>\t\t\t<\/div>\n\t\t\t<select name=\"form_fields[field_b89b922]\" id=\"form-field-field_b89b922\" class=\"elementor-field-textual elementor-size-sm\" required=\"required\">\n\t\t\t\t\t\t\t\t\t<option value=\"- Bitte ausw\u00e4hlen -\">- Bitte ausw\u00e4hlen -<\/option>\n\t\t\t\t\t\t\t\t\t<option value=\"Ja\">Ja<\/option>\n\t\t\t\t\t\t\t\t\t<option value=\"Nein\">Nein<\/option>\n\t\t\t\t\t\t\t<\/select>\n\t\t<\/div>\n\t\t\t\t\t\t<\/div>\n\t\t\t\t\t\t\t\t<div class=\"elementor-field-type-acceptance elementor-field-group elementor-column elementor-field-group-field_6b58383 elementor-col-100 elementor-field-required elementor-mark-required\">\n\t\t\t\t\t\t\t<div class=\"elementor-field-subgroup\">\n\t\t\t<span class=\"elementor-field-option\">\n\t\t\t\t<input type=\"checkbox\" name=\"form_fields[field_6b58383]\" id=\"form-field-field_6b58383\" class=\"elementor-field elementor-size-sm  elementor-acceptance-field\" required=\"required\">\n\t\t\t\t<label for=\"form-field-field_6b58383\">  Ich habe die <a href=\"https:\/\/bsr-sachverstaendige.de\/datenschutzerklaerung\/\" target=\"_blank\" rel=\"noopener noreferrer\">Datenschutzerkl\u00e4rung<\/a> gelesen und stimme der Speicherung meiner personenbezogenen Daten zu.<\/label>\t\t\t<\/span>\n\t\t<\/div>\n\t\t\t\t\t\t<\/div>\n\t\t\t\t\t\t\t\t<div class=\"elementor-field-group elementor-column elementor-field-type-submit elementor-col-100 e-form__buttons\">\n\t\t\t\t\t<button class=\"elementor-button elementor-size-sm\" type=\"submit\">\n\t\t\t\t\t\t<span class=\"elementor-button-content-wrapper\">\n\t\t\t\t\t\t\t\t\t\t\t\t\t\t\t\t\t\t\t\t\t\t<span class=\"elementor-button-text\">Senden<\/span>\n\t\t\t\t\t\t\t\t\t\t\t\t\t<\/span>\n\t\t\t\t\t<\/button>\n\t\t\t\t<\/div>\n\t\t\t<\/div>\n\t\t<\/form>\n\t\t\t\t\t\t<\/div>\n\t\t\t\t<\/div>\n\t\t\t\t\t<\/div>\n\t\t<\/div>\n\t\t\t\t\t<\/div>\n\t\t<\/section>\n\t\t\t\t<section class=\"elementor-section elementor-top-section elementor-element elementor-element-63c9394 elementor-section-boxed elementor-section-height-default elementor-section-height-default\" data-id=\"63c9394\" data-element_type=\"section\" data-e-type=\"section\">\n\t\t\t\t\t\t<div class=\"elementor-container elementor-column-gap-default\">\n\t\t\t\t\t<div class=\"elementor-column elementor-col-100 elementor-top-column elementor-element elementor-element-9242ba5\" data-id=\"9242ba5\" data-element_type=\"column\" data-e-type=\"column\">\n\t\t\t<div class=\"elementor-widget-wrap elementor-element-populated\">\n\t\t\t\t\t\t<div class=\"elementor-element elementor-element-c20ede9 elementor-widget elementor-widget-heading\" data-id=\"c20ede9\" data-element_type=\"widget\" data-e-type=\"widget\" data-widget_type=\"heading.default\">\n\t\t\t\t<div class=\"elementor-widget-container\">\n\t\t\t\t\t<h2 class=\"elementor-heading-title elementor-size-default\">Aktuell sind noch keine Events geplannt.<\/h2>\t\t\t\t<\/div>\n\t\t\t\t<\/div>\n\t\t\t\t\t<\/div>\n\t\t<\/div>\n\t\t\t\t\t<\/div>\n\t\t<\/section>\n\t\t\t\t<\/div>\n\t\t","protected":false},"excerpt":{"rendered":"<p>Anmeldung Hier k\u00f6nnen Sie sich f\u00fcr zuk\u00fcnftige Events anmelden. Aktuell sind noch keine Events geplannt.<\/p>","protected":false},"author":5,"featured_media":0,"parent":0,"menu_order":0,"comment_status":"closed","ping_status":"closed","template":"","meta":{"footnotes":""},"class_list":["post-6180","page","type-page","status-publish","hentry"],"yoast_head":"<!-- This site is optimized with the Yoast SEO plugin v27.3 - https:\/\/yoast.com\/product\/yoast-seo-wordpress\/ -->\n<title>Events - BSR<\/title>\n<meta name=\"robots\" content=\"index, follow, max-snippet:-1, max-image-preview:large, max-video-preview:-1\" \/>\n<link rel=\"canonical\" href=\"https:\/\/bsr-sachverstaendige.de\/en\/events\/\" \/>\n<meta property=\"og:locale\" content=\"en_US\" \/>\n<meta property=\"og:type\" content=\"article\" \/>\n<meta property=\"og:title\" content=\"Events - BSR\" \/>\n<meta property=\"og:description\" content=\"Anmeldung Hier k\u00f6nnen Sie sich f\u00fcr zuk\u00fcnftige Events anmelden. Aktuell sind noch keine Events geplannt.\" \/>\n<meta property=\"og:url\" content=\"https:\/\/bsr-sachverstaendige.de\/en\/events\/\" \/>\n<meta property=\"og:site_name\" content=\"BSR\" \/>\n<meta property=\"article:modified_time\" content=\"2026-02-19T07:59:35+00:00\" \/>\n<meta property=\"og:image\" content=\"https:\/\/bsr-sachverstaendige.de\/wp-content\/uploads\/2025\/09\/dylan-gillis-KdeqA3aTnBY-unsplash-scaled.webp\" \/>\n\t<meta property=\"og:image:width\" content=\"2560\" \/>\n\t<meta property=\"og:image:height\" content=\"1707\" \/>\n\t<meta property=\"og:image:type\" content=\"image\/webp\" \/>\n<meta name=\"twitter:card\" content=\"summary_large_image\" \/>\n<meta name=\"twitter:label1\" content=\"Est. reading time\" \/>\n\t<meta name=\"twitter:data1\" content=\"1 minute\" \/>\n<script type=\"application\/ld+json\" class=\"yoast-schema-graph\">{\"@context\":\"https:\\\/\\\/schema.org\",\"@graph\":[{\"@type\":\"WebPage\",\"@id\":\"https:\\\/\\\/bsr-sachverstaendige.de\\\/events\\\/\",\"url\":\"https:\\\/\\\/bsr-sachverstaendige.de\\\/events\\\/\",\"name\":\"Events - BSR\",\"isPartOf\":{\"@id\":\"https:\\\/\\\/bsr-sachverstaendige.de\\\/#website\"},\"primaryImageOfPage\":{\"@id\":\"https:\\\/\\\/bsr-sachverstaendige.de\\\/events\\\/#primaryimage\"},\"image\":{\"@id\":\"https:\\\/\\\/bsr-sachverstaendige.de\\\/events\\\/#primaryimage\"},\"thumbnailUrl\":\"https:\\\/\\\/bsr-sachverstaendige.de\\\/wp-content\\\/uploads\\\/2025\\\/09\\\/dylan-gillis-KdeqA3aTnBY-unsplash-scaled.webp\",\"datePublished\":\"2025-09-11T12:22:21+00:00\",\"dateModified\":\"2026-02-19T07:59:35+00:00\",\"breadcrumb\":{\"@id\":\"https:\\\/\\\/bsr-sachverstaendige.de\\\/events\\\/#breadcrumb\"},\"inLanguage\":\"en-US\",\"potentialAction\":[{\"@type\":\"ReadAction\",\"target\":[\"https:\\\/\\\/bsr-sachverstaendige.de\\\/events\\\/\"]}]},{\"@type\":\"ImageObject\",\"inLanguage\":\"en-US\",\"@id\":\"https:\\\/\\\/bsr-sachverstaendige.de\\\/events\\\/#primaryimage\",\"url\":\"https:\\\/\\\/bsr-sachverstaendige.de\\\/wp-content\\\/uploads\\\/2025\\\/09\\\/dylan-gillis-KdeqA3aTnBY-unsplash-scaled.webp\",\"contentUrl\":\"https:\\\/\\\/bsr-sachverstaendige.de\\\/wp-content\\\/uploads\\\/2025\\\/09\\\/dylan-gillis-KdeqA3aTnBY-unsplash-scaled.webp\"},{\"@type\":\"BreadcrumbList\",\"@id\":\"https:\\\/\\\/bsr-sachverstaendige.de\\\/events\\\/#breadcrumb\",\"itemListElement\":[{\"@type\":\"ListItem\",\"position\":1,\"name\":\"Startseite\",\"item\":\"https:\\\/\\\/bsr-sachverstaendige.de\\\/\"},{\"@type\":\"ListItem\",\"position\":2,\"name\":\"Events\"}]},{\"@type\":\"WebSite\",\"@id\":\"https:\\\/\\\/bsr-sachverstaendige.de\\\/#website\",\"url\":\"https:\\\/\\\/bsr-sachverstaendige.de\\\/\",\"name\":\"BSR\",\"description\":\"Bundesverband der vereidigten Sachverst\u00e4ndigen f\u00fcr Raum- und Ausstattung e.V.\",\"publisher\":{\"@id\":\"https:\\\/\\\/bsr-sachverstaendige.de\\\/#organization\"},\"potentialAction\":[{\"@type\":\"SearchAction\",\"target\":{\"@type\":\"EntryPoint\",\"urlTemplate\":\"https:\\\/\\\/bsr-sachverstaendige.de\\\/?s={search_term_string}\"},\"query-input\":{\"@type\":\"PropertyValueSpecification\",\"valueRequired\":true,\"valueName\":\"search_term_string\"}}],\"inLanguage\":\"en-US\"},{\"@type\":\"Organization\",\"@id\":\"https:\\\/\\\/bsr-sachverstaendige.de\\\/#organization\",\"name\":\"BSR\",\"url\":\"https:\\\/\\\/bsr-sachverstaendige.de\\\/\",\"logo\":{\"@type\":\"ImageObject\",\"inLanguage\":\"en-US\",\"@id\":\"https:\\\/\\\/bsr-sachverstaendige.de\\\/#\\\/schema\\\/logo\\\/image\\\/\",\"url\":\"https:\\\/\\\/bsr-sachverstaendige.de\\\/wp-content\\\/uploads\\\/2025\\\/09\\\/cropped-logo-bsr.webp\",\"contentUrl\":\"https:\\\/\\\/bsr-sachverstaendige.de\\\/wp-content\\\/uploads\\\/2025\\\/09\\\/cropped-logo-bsr.webp\",\"width\":155,\"height\":155,\"caption\":\"BSR\"},\"image\":{\"@id\":\"https:\\\/\\\/bsr-sachverstaendige.de\\\/#\\\/schema\\\/logo\\\/image\\\/\"}}]}<\/script>\n<!-- \/ Yoast SEO plugin. -->","yoast_head_json":{"title":"Events - BSR","robots":{"index":"index","follow":"follow","max-snippet":"max-snippet:-1","max-image-preview":"max-image-preview:large","max-video-preview":"max-video-preview:-1"},"canonical":"https:\/\/bsr-sachverstaendige.de\/en\/events\/","og_locale":"en_US","og_type":"article","og_title":"Events - BSR","og_description":"Anmeldung Hier k\u00f6nnen Sie sich f\u00fcr zuk\u00fcnftige Events anmelden. Aktuell sind noch keine Events geplannt.","og_url":"https:\/\/bsr-sachverstaendige.de\/en\/events\/","og_site_name":"BSR","article_modified_time":"2026-02-19T07:59:35+00:00","og_image":[{"width":2560,"height":1707,"url":"https:\/\/bsr-sachverstaendige.de\/wp-content\/uploads\/2025\/09\/dylan-gillis-KdeqA3aTnBY-unsplash-scaled.webp","type":"image\/webp"}],"twitter_card":"summary_large_image","twitter_misc":{"Est. reading time":"1 minute"},"schema":{"@context":"https:\/\/schema.org","@graph":[{"@type":"WebPage","@id":"https:\/\/bsr-sachverstaendige.de\/events\/","url":"https:\/\/bsr-sachverstaendige.de\/events\/","name":"Events - BSR","isPartOf":{"@id":"https:\/\/bsr-sachverstaendige.de\/#website"},"primaryImageOfPage":{"@id":"https:\/\/bsr-sachverstaendige.de\/events\/#primaryimage"},"image":{"@id":"https:\/\/bsr-sachverstaendige.de\/events\/#primaryimage"},"thumbnailUrl":"https:\/\/bsr-sachverstaendige.de\/wp-content\/uploads\/2025\/09\/dylan-gillis-KdeqA3aTnBY-unsplash-scaled.webp","datePublished":"2025-09-11T12:22:21+00:00","dateModified":"2026-02-19T07:59:35+00:00","breadcrumb":{"@id":"https:\/\/bsr-sachverstaendige.de\/events\/#breadcrumb"},"inLanguage":"en-US","potentialAction":[{"@type":"ReadAction","target":["https:\/\/bsr-sachverstaendige.de\/events\/"]}]},{"@type":"ImageObject","inLanguage":"en-US","@id":"https:\/\/bsr-sachverstaendige.de\/events\/#primaryimage","url":"https:\/\/bsr-sachverstaendige.de\/wp-content\/uploads\/2025\/09\/dylan-gillis-KdeqA3aTnBY-unsplash-scaled.webp","contentUrl":"https:\/\/bsr-sachverstaendige.de\/wp-content\/uploads\/2025\/09\/dylan-gillis-KdeqA3aTnBY-unsplash-scaled.webp"},{"@type":"BreadcrumbList","@id":"https:\/\/bsr-sachverstaendige.de\/events\/#breadcrumb","itemListElement":[{"@type":"ListItem","position":1,"name":"Startseite","item":"https:\/\/bsr-sachverstaendige.de\/"},{"@type":"ListItem","position":2,"name":"Events"}]},{"@type":"WebSite","@id":"https:\/\/bsr-sachverstaendige.de\/#website","url":"https:\/\/bsr-sachverstaendige.de\/","name":"BSR","description":"Bundesverband der vereidigten Sachverst\u00e4ndigen f\u00fcr Raum- und Ausstattung e.V.","publisher":{"@id":"https:\/\/bsr-sachverstaendige.de\/#organization"},"potentialAction":[{"@type":"SearchAction","target":{"@type":"EntryPoint","urlTemplate":"https:\/\/bsr-sachverstaendige.de\/?s={search_term_string}"},"query-input":{"@type":"PropertyValueSpecification","valueRequired":true,"valueName":"search_term_string"}}],"inLanguage":"en-US"},{"@type":"Organization","@id":"https:\/\/bsr-sachverstaendige.de\/#organization","name":"BSR","url":"https:\/\/bsr-sachverstaendige.de\/","logo":{"@type":"ImageObject","inLanguage":"en-US","@id":"https:\/\/bsr-sachverstaendige.de\/#\/schema\/logo\/image\/","url":"https:\/\/bsr-sachverstaendige.de\/wp-content\/uploads\/2025\/09\/cropped-logo-bsr.webp","contentUrl":"https:\/\/bsr-sachverstaendige.de\/wp-content\/uploads\/2025\/09\/cropped-logo-bsr.webp","width":155,"height":155,"caption":"BSR"},"image":{"@id":"https:\/\/bsr-sachverstaendige.de\/#\/schema\/logo\/image\/"}}]}},"_links":{"self":[{"href":"https:\/\/bsr-sachverstaendige.de\/en\/wp-json\/wp\/v2\/pages\/6180","targetHints":{"allow":["GET"]}}],"collection":[{"href":"https:\/\/bsr-sachverstaendige.de\/en\/wp-json\/wp\/v2\/pages"}],"about":[{"href":"https:\/\/bsr-sachverstaendige.de\/en\/wp-json\/wp\/v2\/types\/page"}],"author":[{"embeddable":true,"href":"https:\/\/bsr-sachverstaendige.de\/en\/wp-json\/wp\/v2\/users\/5"}],"replies":[{"embeddable":true,"href":"https:\/\/bsr-sachverstaendige.de\/en\/wp-json\/wp\/v2\/comments?post=6180"}],"version-history":[{"count":100,"href":"https:\/\/bsr-sachverstaendige.de\/en\/wp-json\/wp\/v2\/pages\/6180\/revisions"}],"predecessor-version":[{"id":6658,"href":"https:\/\/bsr-sachverstaendige.de\/en\/wp-json\/wp\/v2\/pages\/6180\/revisions\/6658"}],"wp:attachment":[{"href":"https:\/\/bsr-sachverstaendige.de\/en\/wp-json\/wp\/v2\/media?parent=6180"}],"curies":[{"name":"wp","href":"https:\/\/api.w.org\/{rel}","templated":true}]}}