{"id":5902,"date":"2025-09-11T12:07:18","date_gmt":"2025-09-11T10:07:18","guid":{"rendered":"http:\/\/wordpress.p692940.webspaceconfig.de\/?page_id=5902"},"modified":"2025-10-15T14:28:38","modified_gmt":"2025-10-15T12:28:38","slug":"impressum","status":"publish","type":"page","link":"https:\/\/bsr-sachverstaendige.de\/en\/impressum\/","title":{"rendered":"Impressum"},"content":{"rendered":"<div data-elementor-type=\"wp-page\" data-elementor-id=\"5902\" class=\"elementor elementor-5902\" data-elementor-post-type=\"page\">\n\t\t\t\t\t\t<section class=\"elementor-section elementor-top-section elementor-element elementor-element-70c9f30 elementor-section-boxed elementor-section-height-default elementor-section-height-default\" data-id=\"70c9f30\" data-element_type=\"section\" data-e-type=\"section\">\n\t\t\t\t\t\t<div class=\"elementor-container elementor-column-gap-default\">\n\t\t\t\t\t<div class=\"elementor-column elementor-col-100 elementor-top-column elementor-element elementor-element-156da5c\" data-id=\"156da5c\" data-element_type=\"column\" data-e-type=\"column\">\n\t\t\t<div class=\"elementor-widget-wrap elementor-element-populated\">\n\t\t\t\t\t\t<div class=\"elementor-element elementor-element-be4a687 elementor-widget elementor-widget-heading\" data-id=\"be4a687\" data-element_type=\"widget\" data-e-type=\"widget\" data-widget_type=\"heading.default\">\n\t\t\t\t<div class=\"elementor-widget-container\">\n\t\t\t\t\t<h2 class=\"elementor-heading-title elementor-size-default\">Impressum<\/h2>\t\t\t\t<\/div>\n\t\t\t\t<\/div>\n\t\t\t\t<div class=\"elementor-element elementor-element-b467638 elementor-widget elementor-widget-text-editor\" data-id=\"b467638\" data-element_type=\"widget\" data-e-type=\"widget\" data-widget_type=\"text-editor.default\">\n\t\t\t\t<div class=\"elementor-widget-container\">\n\t\t\t\t\t\t\t\t\t<h3>Bundesverband der vereidigten Sachverst\u00e4ndigen f\u00fcr Raum- und Ausstattung e.V.<\/h3><p><strong>Pr\u00e4sident:<\/strong> Manfred Horbach<\/p><h4>Kontaktdaten:<\/h4><p><strong>Anschrift:<\/strong><br \/>Frankenwerft 35<br \/>50667 K\u00f6ln<\/p><p><strong>Telefon:<\/strong> 0221 20 70 455<\/p><p><strong>Fax:<\/strong> 0221 20 70 454<\/p><p><strong>E-Mail:<\/strong> <a href=\"mailto:info@bsr-sachverstaendige.de\">info@bsr-sachverstaendige.de<\/a><\/p><h4>Register &amp; Registernummer:<\/h4><p>Vereinsregister: Amtsgericht Bonn<br \/>Vereinsregister: VR 8386<\/p><h4>Verantwortlicher f\u00fcr journalistisch-redaktionelle Texte:<\/h4><p>Manfred Horbach<\/p><h4>Plattform der EU-Kommission zur Online-Streitbeilegung:<\/h4><p><a href=\"http:\/\/www.ec.europa.eu\/consumers\/odr\" target=\"_blank\" rel=\"noopener\">www.ec.europa.eu\/consumers\/odr<\/a><\/p>\t\t\t\t\t\t\t\t<\/div>\n\t\t\t\t<\/div>\n\t\t\t\t\t<\/div>\n\t\t<\/div>\n\t\t\t\t\t<\/div>\n\t\t<\/section>\n\t\t\t\t<section class=\"elementor-section elementor-top-section elementor-element elementor-element-1f7cc71 elementor-section-boxed elementor-section-height-default elementor-section-height-default\" data-id=\"1f7cc71\" data-element_type=\"section\" data-e-type=\"section\">\n\t\t\t\t\t\t<div class=\"elementor-container elementor-column-gap-default\">\n\t\t\t\t\t<div class=\"elementor-column elementor-col-100 elementor-top-column elementor-element elementor-element-f9577f5\" data-id=\"f9577f5\" data-element_type=\"column\" data-e-type=\"column\">\n\t\t\t<div class=\"elementor-widget-wrap elementor-element-populated\">\n\t\t\t\t\t\t<div class=\"elementor-element elementor-element-67e4e6d elementor-widget elementor-widget-heading\" data-id=\"67e4e6d\" data-element_type=\"widget\" data-e-type=\"widget\" data-widget_type=\"heading.default\">\n\t\t\t\t<div class=\"elementor-widget-container\">\n\t\t\t\t\t<h2 class=\"elementor-heading-title elementor-size-default\">Bildnachweise<\/h2>\t\t\t\t<\/div>\n\t\t\t\t<\/div>\n\t\t\t\t\t<\/div>\n\t\t<\/div>\n\t\t\t\t\t<\/div>\n\t\t<\/section>\n\t\t\t\t<section class=\"elementor-section elementor-top-section elementor-element elementor-element-6e1d157 elementor-section-boxed elementor-section-height-default elementor-section-height-default\" data-id=\"6e1d157\" data-element_type=\"section\" data-e-type=\"section\">\n\t\t\t\t\t\t<div class=\"elementor-container elementor-column-gap-default\">\n\t\t\t\t\t<div class=\"elementor-column elementor-col-100 elementor-top-column elementor-element elementor-element-6996318\" data-id=\"6996318\" data-element_type=\"column\" data-e-type=\"column\">\n\t\t\t<div class=\"elementor-widget-wrap elementor-element-populated\">\n\t\t\t\t\t\t<div class=\"elementor-element elementor-element-6a527bd elementor-widget elementor-widget-html\" data-id=\"6a527bd\" data-element_type=\"widget\" data-e-type=\"widget\" data-widget_type=\"html.default\">\n\t\t\t\t<div class=\"elementor-widget-container\">\n\t\t\t\t\tFoto von <a href=\"https:\/\/unsplash.com\/de\/@katsiajazwinska?utm_content=creditCopyText&utm_medium=referral&utm_source=unsplash\">Katsia Jazwinska<\/a> auf <a href=\"https:\/\/unsplash.com\/de\/fotos\/braune-bettkissen-RIb19_YSUX0?utm_content=creditCopyText&utm_medium=referral&utm_source=unsplash\">Unsplash<\/a><\/br>\nFoto von <a href=\"https:\/\/unsplash.com\/de\/@sincerelymedia?utm_content=creditCopyText&utm_medium=referral&utm_source=unsplash\">Sincerely Media<\/a> auf <a href=\"https:\/\/unsplash.com\/de\/fotos\/frau-liest-buch-dGxOgeXAXm8?utm_content=creditCopyText&utm_medium=referral&utm_source=unsplash\">Unsplash<\/a><\/br>\nFoto von <a href=\"https:\/\/unsplash.com\/de\/@schaffler?utm_content=creditCopyText&utm_medium=referral&utm_source=unsplash\">michael schaffler<\/a> auf <a href=\"https:\/\/unsplash.com\/de\/fotos\/eine-nahaufnahme-eines-metallstucks-auf-dem-moos-wachst-_6Ae1LgFFFA?utm_content=creditCopyText&utm_medium=referral&utm_source=unsplash\">Unsplash<\/a><\/br>\nFoto von <a href=\"https:\/\/unsplash.com\/de\/@maciejka_dslr?utm_content=creditCopyText&utm_medium=referral&utm_source=unsplash\">Maciej Karo\u0144<\/a> auf <a href=\"https:\/\/unsplash.com\/de\/fotos\/eine-farbdose-mit-einem-pinsel-darauf-DX5gkaCNRok?utm_content=creditCopyText&utm_medium=referral&utm_source=unsplash\">Unsplash<\/a><\/br>\nFoto von <a href=\"https:\/\/unsplash.com\/de\/@dylandgillis?utm_content=creditCopyText&utm_medium=referral&utm_source=unsplash\">Dylan Gillis<\/a> auf <a href=\"https:\/\/unsplash.com\/de\/fotos\/menschen-die-tagsuber-auf-einem-stuhl-vor-dem-tisch-sitzen-und-stifte-halten-KdeqA3aTnBY?utm_content=creditCopyText&utm_medium=referral&utm_source=unsplash\">Unsplash<\/a><\/br>\n<a href=\"https:\/\/www.flaticon.com\/free-icons\/ceiling\" title=\"ceiling icons\">Ceiling icons created by Muhammad_Usman - Flaticon<\/a><\/br>\n\n<a href=\"https:\/\/www.flaticon.com\/free-icons\/mold\" title=\"mold icons\">Mold icons created by Hasymi - Flaticon<\/a><\/br>\n\n<a href=\"https:\/\/www.flaticon.com\/free-icons\/blind\" title=\"blind icons\">Blind icons created by istar_design_bureau - Flaticon<\/a><\/br>\n\n<a href=\"https:\/\/www.flaticon.com\/free-icons\/restore\" title=\"restore icons\">Restore icons created by bsd - Flaticon<\/a><\/br>\n\n<a href=\"https:\/\/www.flaticon.com\/free-icons\/insurance\" title=\"insurance icons\">Insurance icons created by Freepik - Flaticon<\/a><\/br>\n\n<a href=\"https:\/\/www.flaticon.com\/free-icons\/leather\" title=\"leather icons\">Leather icons created by Smashicons - Flaticon<\/a><\/br>\n\n<a href=\"https:\/\/www.flaticon.com\/free-icons\/cushion\" title=\"cushion icons\">Cushion icons created by Smashicons - Flaticon<\/a><\/br>\n\n<a href=\"https:\/\/www.flaticon.com\/free-icons\/floor\" title=\"floor icons\">Floor icons created by Icon Hubs - Flaticon<\/a><\/br>\n\n<a href=\"https:\/\/www.flaticon.com\/free-icons\/curtains\" title=\"curtains icons\">Curtains icons created by Ciamis Interior design - Flaticon<\/a><\/br>\t\t\t\t<\/div>\n\t\t\t\t<\/div>\n\t\t\t\t\t<\/div>\n\t\t<\/div>\n\t\t\t\t\t<\/div>\n\t\t<\/section>\n\t\t\t\t<\/div>","protected":false},"excerpt":{"rendered":"<p>Impressum Bundesverband der vereidigten Sachverst\u00e4ndigen f\u00fcr Raum- und Ausstattung e.V. Pr\u00e4sident: Manfred Horbach Kontaktdaten: Anschrift:Frankenwerft 3550667 K\u00f6ln Telefon: 0221 20 70 455 Fax: 0221 20 70 454 E-Mail: info@bsr-sachverstaendige.de Register &amp; Registernummer: Vereinsregister: Amtsgericht BonnVereinsregister: VR 8386 Verantwortlicher f\u00fcr journalistisch-redaktionelle Texte: Manfred Horbach Plattform der EU-Kommission zur Online-Streitbeilegung: www.ec.europa.eu\/consumers\/odr Bildnachweise Foto von Katsia Jazwinska auf [&hellip;]<\/p>\n","protected":false},"author":5,"featured_media":0,"parent":0,"menu_order":0,"comment_status":"closed","ping_status":"closed","template":"","meta":{"footnotes":""},"class_list":["post-5902","page","type-page","status-publish","hentry"],"yoast_head":"<!-- This site is optimized with the Yoast SEO plugin v27.3 - https:\/\/yoast.com\/product\/yoast-seo-wordpress\/ -->\n<title>Impressum - BSR<\/title>\n<meta name=\"robots\" content=\"index, follow, max-snippet:-1, max-image-preview:large, max-video-preview:-1\" \/>\n<link rel=\"canonical\" href=\"https:\/\/bsr-sachverstaendige.de\/en\/impressum\/\" \/>\n<meta property=\"og:locale\" content=\"en_US\" \/>\n<meta property=\"og:type\" content=\"article\" \/>\n<meta property=\"og:title\" content=\"Impressum - BSR\" \/>\n<meta property=\"og:description\" content=\"Impressum Bundesverband der vereidigten Sachverst\u00e4ndigen f\u00fcr Raum- und Ausstattung e.V. Pr\u00e4sident: Manfred Horbach Kontaktdaten: Anschrift:Frankenwerft 3550667 K\u00f6ln Telefon: 0221 20 70 455 Fax: 0221 20 70 454 E-Mail: info@bsr-sachverstaendige.de Register &amp; Registernummer: Vereinsregister: Amtsgericht BonnVereinsregister: VR 8386 Verantwortlicher f\u00fcr journalistisch-redaktionelle Texte: Manfred Horbach Plattform der EU-Kommission zur Online-Streitbeilegung: www.ec.europa.eu\/consumers\/odr Bildnachweise Foto von Katsia Jazwinska auf [&hellip;]\" \/>\n<meta property=\"og:url\" content=\"https:\/\/bsr-sachverstaendige.de\/en\/impressum\/\" \/>\n<meta property=\"og:site_name\" content=\"BSR\" \/>\n<meta property=\"article:modified_time\" content=\"2025-10-15T12:28:38+00:00\" \/>\n<meta name=\"twitter:card\" content=\"summary_large_image\" \/>\n<meta name=\"twitter:label1\" content=\"Est. reading time\" \/>\n\t<meta name=\"twitter:data1\" content=\"1 minute\" \/>\n<script type=\"application\/ld+json\" class=\"yoast-schema-graph\">{\"@context\":\"https:\\\/\\\/schema.org\",\"@graph\":[{\"@type\":\"WebPage\",\"@id\":\"https:\\\/\\\/bsr-sachverstaendige.de\\\/impressum\\\/\",\"url\":\"https:\\\/\\\/bsr-sachverstaendige.de\\\/impressum\\\/\",\"name\":\"Impressum - BSR\",\"isPartOf\":{\"@id\":\"https:\\\/\\\/bsr-sachverstaendige.de\\\/#website\"},\"datePublished\":\"2025-09-11T10:07:18+00:00\",\"dateModified\":\"2025-10-15T12:28:38+00:00\",\"breadcrumb\":{\"@id\":\"https:\\\/\\\/bsr-sachverstaendige.de\\\/impressum\\\/#breadcrumb\"},\"inLanguage\":\"en-US\",\"potentialAction\":[{\"@type\":\"ReadAction\",\"target\":[\"https:\\\/\\\/bsr-sachverstaendige.de\\\/impressum\\\/\"]}]},{\"@type\":\"BreadcrumbList\",\"@id\":\"https:\\\/\\\/bsr-sachverstaendige.de\\\/impressum\\\/#breadcrumb\",\"itemListElement\":[{\"@type\":\"ListItem\",\"position\":1,\"name\":\"Startseite\",\"item\":\"https:\\\/\\\/bsr-sachverstaendige.de\\\/\"},{\"@type\":\"ListItem\",\"position\":2,\"name\":\"Impressum\"}]},{\"@type\":\"WebSite\",\"@id\":\"https:\\\/\\\/bsr-sachverstaendige.de\\\/#website\",\"url\":\"https:\\\/\\\/bsr-sachverstaendige.de\\\/\",\"name\":\"BSR\",\"description\":\"Bundesverband der vereidigten Sachverst\u00e4ndigen f\u00fcr Raum- und Ausstattung e.V.\",\"publisher\":{\"@id\":\"https:\\\/\\\/bsr-sachverstaendige.de\\\/#organization\"},\"potentialAction\":[{\"@type\":\"SearchAction\",\"target\":{\"@type\":\"EntryPoint\",\"urlTemplate\":\"https:\\\/\\\/bsr-sachverstaendige.de\\\/?s={search_term_string}\"},\"query-input\":{\"@type\":\"PropertyValueSpecification\",\"valueRequired\":true,\"valueName\":\"search_term_string\"}}],\"inLanguage\":\"en-US\"},{\"@type\":\"Organization\",\"@id\":\"https:\\\/\\\/bsr-sachverstaendige.de\\\/#organization\",\"name\":\"BSR\",\"url\":\"https:\\\/\\\/bsr-sachverstaendige.de\\\/\",\"logo\":{\"@type\":\"ImageObject\",\"inLanguage\":\"en-US\",\"@id\":\"https:\\\/\\\/bsr-sachverstaendige.de\\\/#\\\/schema\\\/logo\\\/image\\\/\",\"url\":\"https:\\\/\\\/bsr-sachverstaendige.de\\\/wp-content\\\/uploads\\\/2025\\\/09\\\/cropped-logo-bsr.webp\",\"contentUrl\":\"https:\\\/\\\/bsr-sachverstaendige.de\\\/wp-content\\\/uploads\\\/2025\\\/09\\\/cropped-logo-bsr.webp\",\"width\":155,\"height\":155,\"caption\":\"BSR\"},\"image\":{\"@id\":\"https:\\\/\\\/bsr-sachverstaendige.de\\\/#\\\/schema\\\/logo\\\/image\\\/\"}}]}<\/script>\n<!-- \/ Yoast SEO plugin. -->","yoast_head_json":{"title":"Impressum - BSR","robots":{"index":"index","follow":"follow","max-snippet":"max-snippet:-1","max-image-preview":"max-image-preview:large","max-video-preview":"max-video-preview:-1"},"canonical":"https:\/\/bsr-sachverstaendige.de\/en\/impressum\/","og_locale":"en_US","og_type":"article","og_title":"Impressum - BSR","og_description":"Impressum Bundesverband der vereidigten Sachverst\u00e4ndigen f\u00fcr Raum- und Ausstattung e.V. Pr\u00e4sident: Manfred Horbach Kontaktdaten: Anschrift:Frankenwerft 3550667 K\u00f6ln Telefon: 0221 20 70 455 Fax: 0221 20 70 454 E-Mail: info@bsr-sachverstaendige.de Register &amp; Registernummer: Vereinsregister: Amtsgericht BonnVereinsregister: VR 8386 Verantwortlicher f\u00fcr journalistisch-redaktionelle Texte: Manfred Horbach Plattform der EU-Kommission zur Online-Streitbeilegung: www.ec.europa.eu\/consumers\/odr Bildnachweise Foto von Katsia Jazwinska auf [&hellip;]","og_url":"https:\/\/bsr-sachverstaendige.de\/en\/impressum\/","og_site_name":"BSR","article_modified_time":"2025-10-15T12:28:38+00:00","twitter_card":"summary_large_image","twitter_misc":{"Est. reading time":"1 minute"},"schema":{"@context":"https:\/\/schema.org","@graph":[{"@type":"WebPage","@id":"https:\/\/bsr-sachverstaendige.de\/impressum\/","url":"https:\/\/bsr-sachverstaendige.de\/impressum\/","name":"Impressum - BSR","isPartOf":{"@id":"https:\/\/bsr-sachverstaendige.de\/#website"},"datePublished":"2025-09-11T10:07:18+00:00","dateModified":"2025-10-15T12:28:38+00:00","breadcrumb":{"@id":"https:\/\/bsr-sachverstaendige.de\/impressum\/#breadcrumb"},"inLanguage":"en-US","potentialAction":[{"@type":"ReadAction","target":["https:\/\/bsr-sachverstaendige.de\/impressum\/"]}]},{"@type":"BreadcrumbList","@id":"https:\/\/bsr-sachverstaendige.de\/impressum\/#breadcrumb","itemListElement":[{"@type":"ListItem","position":1,"name":"Startseite","item":"https:\/\/bsr-sachverstaendige.de\/"},{"@type":"ListItem","position":2,"name":"Impressum"}]},{"@type":"WebSite","@id":"https:\/\/bsr-sachverstaendige.de\/#website","url":"https:\/\/bsr-sachverstaendige.de\/","name":"BSR","description":"Bundesverband der vereidigten Sachverst\u00e4ndigen f\u00fcr Raum- und Ausstattung e.V.","publisher":{"@id":"https:\/\/bsr-sachverstaendige.de\/#organization"},"potentialAction":[{"@type":"SearchAction","target":{"@type":"EntryPoint","urlTemplate":"https:\/\/bsr-sachverstaendige.de\/?s={search_term_string}"},"query-input":{"@type":"PropertyValueSpecification","valueRequired":true,"valueName":"search_term_string"}}],"inLanguage":"en-US"},{"@type":"Organization","@id":"https:\/\/bsr-sachverstaendige.de\/#organization","name":"BSR","url":"https:\/\/bsr-sachverstaendige.de\/","logo":{"@type":"ImageObject","inLanguage":"en-US","@id":"https:\/\/bsr-sachverstaendige.de\/#\/schema\/logo\/image\/","url":"https:\/\/bsr-sachverstaendige.de\/wp-content\/uploads\/2025\/09\/cropped-logo-bsr.webp","contentUrl":"https:\/\/bsr-sachverstaendige.de\/wp-content\/uploads\/2025\/09\/cropped-logo-bsr.webp","width":155,"height":155,"caption":"BSR"},"image":{"@id":"https:\/\/bsr-sachverstaendige.de\/#\/schema\/logo\/image\/"}}]}},"_links":{"self":[{"href":"https:\/\/bsr-sachverstaendige.de\/en\/wp-json\/wp\/v2\/pages\/5902","targetHints":{"allow":["GET"]}}],"collection":[{"href":"https:\/\/bsr-sachverstaendige.de\/en\/wp-json\/wp\/v2\/pages"}],"about":[{"href":"https:\/\/bsr-sachverstaendige.de\/en\/wp-json\/wp\/v2\/types\/page"}],"author":[{"embeddable":true,"href":"https:\/\/bsr-sachverstaendige.de\/en\/wp-json\/wp\/v2\/users\/5"}],"replies":[{"embeddable":true,"href":"https:\/\/bsr-sachverstaendige.de\/en\/wp-json\/wp\/v2\/comments?post=5902"}],"version-history":[{"count":19,"href":"https:\/\/bsr-sachverstaendige.de\/en\/wp-json\/wp\/v2\/pages\/5902\/revisions"}],"predecessor-version":[{"id":6610,"href":"https:\/\/bsr-sachverstaendige.de\/en\/wp-json\/wp\/v2\/pages\/5902\/revisions\/6610"}],"wp:attachment":[{"href":"https:\/\/bsr-sachverstaendige.de\/en\/wp-json\/wp\/v2\/media?parent=5902"}],"curies":[{"name":"wp","href":"https:\/\/api.w.org\/{rel}","templated":true}]}}