{"id":5466,"date":"2025-09-11T10:20:04","date_gmt":"2025-09-11T08:20:04","guid":{"rendered":"http:\/\/wordpress.p692940.webspaceconfig.de\/?page_id=5466"},"modified":"2025-09-11T13:17:06","modified_gmt":"2025-09-11T11:17:06","slug":"sattler","status":"publish","type":"page","link":"https:\/\/bsr-sachverstaendige.de\/en\/sattler\/","title":{"rendered":"Sattler"},"content":{"rendered":"<div data-elementor-type=\"wp-page\" data-elementor-id=\"5466\" class=\"elementor elementor-5466\" data-elementor-post-type=\"page\">\n\t\t\t\t\t\t<section class=\"elementor-section elementor-top-section elementor-element elementor-element-ff0a00f elementor-section-full_width elementor-section-height-default elementor-section-height-default\" data-id=\"ff0a00f\" data-element_type=\"section\" data-e-type=\"section\">\n\t\t\t\t\t\t<div class=\"elementor-container elementor-column-gap-no\">\n\t\t\t\t\t<div class=\"elementor-column elementor-col-100 elementor-top-column elementor-element elementor-element-b8c1b58\" data-id=\"b8c1b58\" data-element_type=\"column\" data-e-type=\"column\">\n\t\t\t<div class=\"elementor-widget-wrap elementor-element-populated\">\n\t\t\t\t\t\t<div class=\"elementor-element elementor-element-1906ab6 elementor-widget elementor-widget-image\" data-id=\"1906ab6\" data-element_type=\"widget\" data-e-type=\"widget\" data-widget_type=\"image.default\">\n\t\t\t\t<div class=\"elementor-widget-container\">\n\t\t\t\t\t\t\t\t\t\t\t\t\t\t\t<img fetchpriority=\"high\" decoding=\"async\" width=\"1600\" height=\"250\" src=\"https:\/\/bsr-sachverstaendige.de\/wp-content\/uploads\/2025\/09\/fb_sattler_header2024.webp\" class=\"attachment-full size-full wp-image-5344\" alt=\"Collage aus Polsterarbeiten, Fahrzeugausstattung\" srcset=\"https:\/\/bsr-sachverstaendige.de\/wp-content\/uploads\/2025\/09\/fb_sattler_header2024.webp 1600w, https:\/\/bsr-sachverstaendige.de\/wp-content\/uploads\/2025\/09\/fb_sattler_header2024-300x47.webp 300w, https:\/\/bsr-sachverstaendige.de\/wp-content\/uploads\/2025\/09\/fb_sattler_header2024-1024x160.webp 1024w, https:\/\/bsr-sachverstaendige.de\/wp-content\/uploads\/2025\/09\/fb_sattler_header2024-768x120.webp 768w, https:\/\/bsr-sachverstaendige.de\/wp-content\/uploads\/2025\/09\/fb_sattler_header2024-1536x240.webp 1536w\" sizes=\"(max-width: 1600px) 100vw, 1600px\" \/>\t\t\t\t\t\t\t\t\t\t\t\t\t\t\t<\/div>\n\t\t\t\t<\/div>\n\t\t\t\t\t<\/div>\n\t\t<\/div>\n\t\t\t\t\t<\/div>\n\t\t<\/section>\n\t\t\t\t<section class=\"elementor-section elementor-top-section elementor-element elementor-element-00c6a6e elementor-section-boxed elementor-section-height-default elementor-section-height-default\" data-id=\"00c6a6e\" data-element_type=\"section\" data-e-type=\"section\">\n\t\t\t\t\t\t<div class=\"elementor-container elementor-column-gap-default\">\n\t\t\t\t\t<div class=\"elementor-column elementor-col-50 elementor-top-column elementor-element elementor-element-7014e63\" data-id=\"7014e63\" data-element_type=\"column\" data-e-type=\"column\">\n\t\t\t<div class=\"elementor-widget-wrap elementor-element-populated\">\n\t\t\t\t\t\t<div class=\"elementor-element elementor-element-95b9abc elementor-widget elementor-widget-heading\" data-id=\"95b9abc\" data-element_type=\"widget\" data-e-type=\"widget\" data-widget_type=\"heading.default\">\n\t\t\t\t<div class=\"elementor-widget-container\">\n\t\t\t\t\t<h2 class=\"elementor-heading-title elementor-size-default\">Sattler<\/h2>\t\t\t\t<\/div>\n\t\t\t\t<\/div>\n\t\t\t\t<div class=\"elementor-element elementor-element-69c94b1 elementor-widget elementor-widget-text-editor\" data-id=\"69c94b1\" data-element_type=\"widget\" data-e-type=\"widget\" data-widget_type=\"text-editor.default\">\n\t\t\t\t<div class=\"elementor-widget-container\">\n\t\t\t\t\t\t\t\t\t<div class=\"wpb_column vc_column_container vc_col-sm-8\"><div class=\"vc_column-inner\"><div class=\"wpb_wrapper\"><div class=\"wpb_text_column wpb_content_element post-formatting\"><div class=\"wpb_wrapper\"><div class=\"page\" title=\"Page 1\"><div class=\"section\"><div class=\"layoutArea\"><div class=\"column\"><p class=\"p1\"><b>Der Fachbereich Sattler<\/b>\u00a0bearbeitet alle Fragestellungen zu den Bestellbereichen des Sattlerhanderks.<\/p><p class=\"p1\">DER BESTELLBEREICH REITSPORT umfasst den Sattelbau, Trensen, Geschirre und viele weitere Artikel sowohl f\u00fcr Pferde als auch andere Tiere. Sachverst\u00e4ndige dieser Fachgruppe haben fundierte Kenntnisse im Sattelbau und der Sattelanpassung. Die Statik eines Pferdes ist hier ebenso zu beachten wie die Muskulatur, das Skelett sowie das Alter oder Erkrankungen des Tieres. Auch die Beurteilung der Materialkomponenten ist Aufgabe des sachverst\u00e4ndigen Reitsportsattlers.<\/p><p class=\"p1\">DER BESTELLBEREICH FAHRZEUGSATTLER umfasst die Begutachtung von Cabriolet- und Bootsverdecken, Zelten, Planen oder<span class=\"Apple-converted-space\">\u00a0\u00a0<\/span>Produkten aus technischen Geweben. Hinzu kommen Fahrzeuginnenausstattungen sowie Sitz- und Liegem\u00f6bel f\u00fcr PKW, LKW, Omnibusse, Wohnwagen, Schiffe, Flugzeuge, Eisenbahnwagen sowie handwerklich und industriell gefertigte Polsterm\u00f6bel. Hierzu geh\u00f6rt auch die Beurteilung der Verarbeitung der unterschiedlichsten Materialien in den vorstehend genannten Bereichen wie etwa Leder und Kunstleder, textile Bezugstoffe und Microfaser, Verdeckstoffe, Planenstoffe und weitere technische Gewebe.<\/p><p class=\"p1\">DER BESTELLBEREICH FEINT\u00c4SCHNER umfasst die komplette<span class=\"Apple-converted-space\">\u00a0\u00a0<\/span>Palette von Lederwaren, hierzu z\u00e4hlen z.B. Geldb\u00f6rsen und Etuis,<span class=\"Apple-converted-space\">\u00a0\u00a0<\/span>Koffer und Taschen oder anderweitige Produkte dieser Gattung. Leider stehen zurzeit keine vereidigten Sachverst\u00e4ndigen f\u00fcr Feint\u00e4schnerei zur Verf\u00fcgung. Da sich die fachlichen Gebiete<span class=\"Apple-converted-space\">\u00a0\u00a0<\/span>allerdings in vielen Bereichen \u00fcberschneiden, k\u00f6nnen die meisten Gutachterauftr\u00e4ge f\u00fcr Feint\u00e4schner auch von sachverst\u00e4ndigen Reitsport- oder Fahrzeugsattlern bearbeitet werden.<\/p><\/div><\/div><\/div><\/div><\/div><\/div><\/div><\/div><\/div>\t\t\t\t\t\t\t\t<\/div>\n\t\t\t\t<\/div>\n\t\t\t\t\t<\/div>\n\t\t<\/div>\n\t\t\t\t<div class=\"elementor-column elementor-col-50 elementor-top-column elementor-element elementor-element-8ad92ce\" data-id=\"8ad92ce\" data-element_type=\"column\" data-e-type=\"column\">\n\t\t\t<div class=\"elementor-widget-wrap\">\n\t\t\t\t\t\t\t<\/div>\n\t\t<\/div>\n\t\t\t\t\t<\/div>\n\t\t<\/section>\n\t\t\t\t<section class=\"elementor-section elementor-top-section elementor-element elementor-element-cdcaef5 elementor-section-boxed elementor-section-height-default elementor-section-height-default\" data-id=\"cdcaef5\" data-element_type=\"section\" data-e-type=\"section\" data-settings=\"{&quot;background_background&quot;:&quot;classic&quot;}\">\n\t\t\t\t\t\t<div class=\"elementor-container elementor-column-gap-default\">\n\t\t\t\t\t<div class=\"elementor-column elementor-col-50 elementor-top-column elementor-element elementor-element-0c1a5e8 elementor-invisible\" data-id=\"0c1a5e8\" data-element_type=\"column\" data-e-type=\"column\" data-settings=\"{&quot;animation&quot;:&quot;fadeInLeft&quot;}\">\n\t\t\t<div class=\"elementor-widget-wrap elementor-element-populated\">\n\t\t\t\t\t\t<section class=\"elementor-section elementor-inner-section elementor-element elementor-element-7be70b7 elementor-section-boxed elementor-section-height-default elementor-section-height-default\" data-id=\"7be70b7\" data-element_type=\"section\" data-e-type=\"section\">\n\t\t\t\t\t\t<div class=\"elementor-container elementor-column-gap-default\">\n\t\t\t\t\t<div class=\"elementor-column elementor-col-50 elementor-inner-column elementor-element elementor-element-7a38f81\" data-id=\"7a38f81\" data-element_type=\"column\" data-e-type=\"column\">\n\t\t\t<div class=\"elementor-widget-wrap elementor-element-populated\">\n\t\t\t\t\t\t<div class=\"elementor-element elementor-element-b970c77 elementor-widget elementor-widget-heading\" data-id=\"b970c77\" data-element_type=\"widget\" data-e-type=\"widget\" data-widget_type=\"heading.default\">\n\t\t\t\t<div class=\"elementor-widget-container\">\n\t\t\t\t\t<h2 class=\"elementor-heading-title elementor-size-default\">Lothar Gl\u00e4ster<\/h2>\t\t\t\t<\/div>\n\t\t\t\t<\/div>\n\t\t\t\t<div class=\"elementor-element elementor-element-a2fb1cc elementor-widget elementor-widget-heading\" data-id=\"a2fb1cc\" data-element_type=\"widget\" data-e-type=\"widget\" data-widget_type=\"heading.default\">\n\t\t\t\t<div class=\"elementor-widget-container\">\n\t\t\t\t\t<h6 class=\"elementor-heading-title elementor-size-default\">Fachbereichsleiter<\/h6>\t\t\t\t<\/div>\n\t\t\t\t<\/div>\n\t\t\t\t\t<\/div>\n\t\t<\/div>\n\t\t\t\t<div class=\"elementor-column elementor-col-50 elementor-inner-column elementor-element elementor-element-73ad54d\" data-id=\"73ad54d\" data-element_type=\"column\" data-e-type=\"column\">\n\t\t\t<div class=\"elementor-widget-wrap elementor-element-populated\">\n\t\t\t\t\t\t<div class=\"elementor-element elementor-element-025a23a elementor-widget elementor-widget-text-editor\" data-id=\"025a23a\" data-element_type=\"widget\" data-e-type=\"widget\" data-widget_type=\"text-editor.default\">\n\t\t\t\t<div class=\"elementor-widget-container\">\n\t\t\t\t\t\t\t\t\t<p><strong>Kontakt<\/strong><\/p><p>Tel.\u00a0<a class=\"\" href=\"tel:+49211503241\">0211 \/ 503241<\/a><br \/>Fax 0211 \/ 503210<br \/><a class=\"cm_anchor\" href=\"mailto:info@sattler-sachverstand.de\">info@sattler-sachverstand.de<\/a><\/p>\t\t\t\t\t\t\t\t<\/div>\n\t\t\t\t<\/div>\n\t\t\t\t\t<\/div>\n\t\t<\/div>\n\t\t\t\t\t<\/div>\n\t\t<\/section>\n\t\t\t\t\t<\/div>\n\t\t<\/div>\n\t\t\t\t<div class=\"elementor-column elementor-col-50 elementor-top-column elementor-element elementor-element-e759292 elementor-invisible\" data-id=\"e759292\" data-element_type=\"column\" data-e-type=\"column\" data-settings=\"{&quot;animation&quot;:&quot;fadeInRight&quot;}\">\n\t\t\t<div class=\"elementor-widget-wrap elementor-element-populated\">\n\t\t\t\t\t\t<div class=\"elementor-element elementor-element-daeaf47 elementor-widget elementor-widget-image\" data-id=\"daeaf47\" data-element_type=\"widget\" data-e-type=\"widget\" data-widget_type=\"image.default\">\n\t\t\t\t<div class=\"elementor-widget-container\">\n\t\t\t\t\t\t\t\t\t\t\t\t\t\t\t<img decoding=\"async\" width=\"200\" height=\"300\" src=\"https:\/\/bsr-sachverstaendige.de\/wp-content\/uploads\/2025\/09\/glaeser-removebg-preview.webp\" class=\"attachment-full size-full wp-image-5375\" alt=\"das Foto von Fachbereichsleiter Lothar Gl\u00e4ster des BSR\" \/>\t\t\t\t\t\t\t\t\t\t\t\t\t\t\t<\/div>\n\t\t\t\t<\/div>\n\t\t\t\t\t<\/div>\n\t\t<\/div>\n\t\t\t\t\t<\/div>\n\t\t<\/section>\n\t\t\t\t<\/div>","protected":false},"excerpt":{"rendered":"<p>Sattler Der Fachbereich Sattler\u00a0bearbeitet alle Fragestellungen zu den Bestellbereichen des Sattlerhanderks. DER BESTELLBEREICH REITSPORT umfasst den Sattelbau, Trensen, Geschirre und viele weitere Artikel sowohl f\u00fcr Pferde als auch andere Tiere. Sachverst\u00e4ndige dieser Fachgruppe haben fundierte Kenntnisse im Sattelbau und der Sattelanpassung. Die Statik eines Pferdes ist hier ebenso zu beachten wie die Muskulatur, das Skelett [&hellip;]<\/p>\n","protected":false},"author":5,"featured_media":0,"parent":0,"menu_order":0,"comment_status":"closed","ping_status":"closed","template":"","meta":{"footnotes":""},"class_list":["post-5466","page","type-page","status-publish","hentry"],"yoast_head":"<!-- This site is optimized with the Yoast SEO plugin v27.3 - https:\/\/yoast.com\/product\/yoast-seo-wordpress\/ -->\n<title>Sattler - BSR<\/title>\n<meta name=\"robots\" content=\"index, follow, max-snippet:-1, max-image-preview:large, max-video-preview:-1\" \/>\n<link rel=\"canonical\" href=\"https:\/\/bsr-sachverstaendige.de\/en\/sattler\/\" \/>\n<meta property=\"og:locale\" content=\"en_US\" \/>\n<meta property=\"og:type\" content=\"article\" \/>\n<meta property=\"og:title\" content=\"Sattler - BSR\" \/>\n<meta property=\"og:description\" content=\"Sattler Der Fachbereich Sattler\u00a0bearbeitet alle Fragestellungen zu den Bestellbereichen des Sattlerhanderks. DER BESTELLBEREICH REITSPORT umfasst den Sattelbau, Trensen, Geschirre und viele weitere Artikel sowohl f\u00fcr Pferde als auch andere Tiere. Sachverst\u00e4ndige dieser Fachgruppe haben fundierte Kenntnisse im Sattelbau und der Sattelanpassung. Die Statik eines Pferdes ist hier ebenso zu beachten wie die Muskulatur, das Skelett [&hellip;]\" \/>\n<meta property=\"og:url\" content=\"https:\/\/bsr-sachverstaendige.de\/en\/sattler\/\" \/>\n<meta property=\"og:site_name\" content=\"BSR\" \/>\n<meta property=\"article:modified_time\" content=\"2025-09-11T11:17:06+00:00\" \/>\n<meta property=\"og:image\" content=\"http:\/\/wordpress.p692940.webspaceconfig.de\/wp-content\/uploads\/2025\/09\/fb_sattler_header2024.webp\" \/>\n<meta name=\"twitter:card\" content=\"summary_large_image\" \/>\n<meta name=\"twitter:label1\" content=\"Est. reading time\" \/>\n\t<meta name=\"twitter:data1\" content=\"2 minutes\" \/>\n<script type=\"application\/ld+json\" class=\"yoast-schema-graph\">{\"@context\":\"https:\\\/\\\/schema.org\",\"@graph\":[{\"@type\":\"WebPage\",\"@id\":\"https:\\\/\\\/bsr-sachverstaendige.de\\\/sattler\\\/\",\"url\":\"https:\\\/\\\/bsr-sachverstaendige.de\\\/sattler\\\/\",\"name\":\"Sattler - BSR\",\"isPartOf\":{\"@id\":\"https:\\\/\\\/bsr-sachverstaendige.de\\\/#website\"},\"primaryImageOfPage\":{\"@id\":\"https:\\\/\\\/bsr-sachverstaendige.de\\\/sattler\\\/#primaryimage\"},\"image\":{\"@id\":\"https:\\\/\\\/bsr-sachverstaendige.de\\\/sattler\\\/#primaryimage\"},\"thumbnailUrl\":\"http:\\\/\\\/wordpress.p692940.webspaceconfig.de\\\/wp-content\\\/uploads\\\/2025\\\/09\\\/fb_sattler_header2024.webp\",\"datePublished\":\"2025-09-11T08:20:04+00:00\",\"dateModified\":\"2025-09-11T11:17:06+00:00\",\"breadcrumb\":{\"@id\":\"https:\\\/\\\/bsr-sachverstaendige.de\\\/sattler\\\/#breadcrumb\"},\"inLanguage\":\"en-US\",\"potentialAction\":[{\"@type\":\"ReadAction\",\"target\":[\"https:\\\/\\\/bsr-sachverstaendige.de\\\/sattler\\\/\"]}]},{\"@type\":\"ImageObject\",\"inLanguage\":\"en-US\",\"@id\":\"https:\\\/\\\/bsr-sachverstaendige.de\\\/sattler\\\/#primaryimage\",\"url\":\"http:\\\/\\\/wordpress.p692940.webspaceconfig.de\\\/wp-content\\\/uploads\\\/2025\\\/09\\\/fb_sattler_header2024.webp\",\"contentUrl\":\"http:\\\/\\\/wordpress.p692940.webspaceconfig.de\\\/wp-content\\\/uploads\\\/2025\\\/09\\\/fb_sattler_header2024.webp\"},{\"@type\":\"BreadcrumbList\",\"@id\":\"https:\\\/\\\/bsr-sachverstaendige.de\\\/sattler\\\/#breadcrumb\",\"itemListElement\":[{\"@type\":\"ListItem\",\"position\":1,\"name\":\"Startseite\",\"item\":\"https:\\\/\\\/bsr-sachverstaendige.de\\\/\"},{\"@type\":\"ListItem\",\"position\":2,\"name\":\"Sattler\"}]},{\"@type\":\"WebSite\",\"@id\":\"https:\\\/\\\/bsr-sachverstaendige.de\\\/#website\",\"url\":\"https:\\\/\\\/bsr-sachverstaendige.de\\\/\",\"name\":\"BSR\",\"description\":\"Bundesverband der vereidigten Sachverst\u00e4ndigen f\u00fcr Raum- und Ausstattung e.V.\",\"publisher\":{\"@id\":\"https:\\\/\\\/bsr-sachverstaendige.de\\\/#organization\"},\"potentialAction\":[{\"@type\":\"SearchAction\",\"target\":{\"@type\":\"EntryPoint\",\"urlTemplate\":\"https:\\\/\\\/bsr-sachverstaendige.de\\\/?s={search_term_string}\"},\"query-input\":{\"@type\":\"PropertyValueSpecification\",\"valueRequired\":true,\"valueName\":\"search_term_string\"}}],\"inLanguage\":\"en-US\"},{\"@type\":\"Organization\",\"@id\":\"https:\\\/\\\/bsr-sachverstaendige.de\\\/#organization\",\"name\":\"BSR\",\"url\":\"https:\\\/\\\/bsr-sachverstaendige.de\\\/\",\"logo\":{\"@type\":\"ImageObject\",\"inLanguage\":\"en-US\",\"@id\":\"https:\\\/\\\/bsr-sachverstaendige.de\\\/#\\\/schema\\\/logo\\\/image\\\/\",\"url\":\"https:\\\/\\\/bsr-sachverstaendige.de\\\/wp-content\\\/uploads\\\/2025\\\/09\\\/cropped-logo-bsr.webp\",\"contentUrl\":\"https:\\\/\\\/bsr-sachverstaendige.de\\\/wp-content\\\/uploads\\\/2025\\\/09\\\/cropped-logo-bsr.webp\",\"width\":155,\"height\":155,\"caption\":\"BSR\"},\"image\":{\"@id\":\"https:\\\/\\\/bsr-sachverstaendige.de\\\/#\\\/schema\\\/logo\\\/image\\\/\"}}]}<\/script>\n<!-- \/ Yoast SEO plugin. -->","yoast_head_json":{"title":"Sattler - BSR","robots":{"index":"index","follow":"follow","max-snippet":"max-snippet:-1","max-image-preview":"max-image-preview:large","max-video-preview":"max-video-preview:-1"},"canonical":"https:\/\/bsr-sachverstaendige.de\/en\/sattler\/","og_locale":"en_US","og_type":"article","og_title":"Sattler - BSR","og_description":"Sattler Der Fachbereich Sattler\u00a0bearbeitet alle Fragestellungen zu den Bestellbereichen des Sattlerhanderks. DER BESTELLBEREICH REITSPORT umfasst den Sattelbau, Trensen, Geschirre und viele weitere Artikel sowohl f\u00fcr Pferde als auch andere Tiere. Sachverst\u00e4ndige dieser Fachgruppe haben fundierte Kenntnisse im Sattelbau und der Sattelanpassung. Die Statik eines Pferdes ist hier ebenso zu beachten wie die Muskulatur, das Skelett [&hellip;]","og_url":"https:\/\/bsr-sachverstaendige.de\/en\/sattler\/","og_site_name":"BSR","article_modified_time":"2025-09-11T11:17:06+00:00","og_image":[{"url":"http:\/\/wordpress.p692940.webspaceconfig.de\/wp-content\/uploads\/2025\/09\/fb_sattler_header2024.webp","type":"","width":"","height":""}],"twitter_card":"summary_large_image","twitter_misc":{"Est. reading time":"2 minutes"},"schema":{"@context":"https:\/\/schema.org","@graph":[{"@type":"WebPage","@id":"https:\/\/bsr-sachverstaendige.de\/sattler\/","url":"https:\/\/bsr-sachverstaendige.de\/sattler\/","name":"Sattler - BSR","isPartOf":{"@id":"https:\/\/bsr-sachverstaendige.de\/#website"},"primaryImageOfPage":{"@id":"https:\/\/bsr-sachverstaendige.de\/sattler\/#primaryimage"},"image":{"@id":"https:\/\/bsr-sachverstaendige.de\/sattler\/#primaryimage"},"thumbnailUrl":"http:\/\/wordpress.p692940.webspaceconfig.de\/wp-content\/uploads\/2025\/09\/fb_sattler_header2024.webp","datePublished":"2025-09-11T08:20:04+00:00","dateModified":"2025-09-11T11:17:06+00:00","breadcrumb":{"@id":"https:\/\/bsr-sachverstaendige.de\/sattler\/#breadcrumb"},"inLanguage":"en-US","potentialAction":[{"@type":"ReadAction","target":["https:\/\/bsr-sachverstaendige.de\/sattler\/"]}]},{"@type":"ImageObject","inLanguage":"en-US","@id":"https:\/\/bsr-sachverstaendige.de\/sattler\/#primaryimage","url":"http:\/\/wordpress.p692940.webspaceconfig.de\/wp-content\/uploads\/2025\/09\/fb_sattler_header2024.webp","contentUrl":"http:\/\/wordpress.p692940.webspaceconfig.de\/wp-content\/uploads\/2025\/09\/fb_sattler_header2024.webp"},{"@type":"BreadcrumbList","@id":"https:\/\/bsr-sachverstaendige.de\/sattler\/#breadcrumb","itemListElement":[{"@type":"ListItem","position":1,"name":"Startseite","item":"https:\/\/bsr-sachverstaendige.de\/"},{"@type":"ListItem","position":2,"name":"Sattler"}]},{"@type":"WebSite","@id":"https:\/\/bsr-sachverstaendige.de\/#website","url":"https:\/\/bsr-sachverstaendige.de\/","name":"BSR","description":"Bundesverband der vereidigten Sachverst\u00e4ndigen f\u00fcr Raum- und Ausstattung e.V.","publisher":{"@id":"https:\/\/bsr-sachverstaendige.de\/#organization"},"potentialAction":[{"@type":"SearchAction","target":{"@type":"EntryPoint","urlTemplate":"https:\/\/bsr-sachverstaendige.de\/?s={search_term_string}"},"query-input":{"@type":"PropertyValueSpecification","valueRequired":true,"valueName":"search_term_string"}}],"inLanguage":"en-US"},{"@type":"Organization","@id":"https:\/\/bsr-sachverstaendige.de\/#organization","name":"BSR","url":"https:\/\/bsr-sachverstaendige.de\/","logo":{"@type":"ImageObject","inLanguage":"en-US","@id":"https:\/\/bsr-sachverstaendige.de\/#\/schema\/logo\/image\/","url":"https:\/\/bsr-sachverstaendige.de\/wp-content\/uploads\/2025\/09\/cropped-logo-bsr.webp","contentUrl":"https:\/\/bsr-sachverstaendige.de\/wp-content\/uploads\/2025\/09\/cropped-logo-bsr.webp","width":155,"height":155,"caption":"BSR"},"image":{"@id":"https:\/\/bsr-sachverstaendige.de\/#\/schema\/logo\/image\/"}}]}},"_links":{"self":[{"href":"https:\/\/bsr-sachverstaendige.de\/en\/wp-json\/wp\/v2\/pages\/5466","targetHints":{"allow":["GET"]}}],"collection":[{"href":"https:\/\/bsr-sachverstaendige.de\/en\/wp-json\/wp\/v2\/pages"}],"about":[{"href":"https:\/\/bsr-sachverstaendige.de\/en\/wp-json\/wp\/v2\/types\/page"}],"author":[{"embeddable":true,"href":"https:\/\/bsr-sachverstaendige.de\/en\/wp-json\/wp\/v2\/users\/5"}],"replies":[{"embeddable":true,"href":"https:\/\/bsr-sachverstaendige.de\/en\/wp-json\/wp\/v2\/comments?post=5466"}],"version-history":[{"count":28,"href":"https:\/\/bsr-sachverstaendige.de\/en\/wp-json\/wp\/v2\/pages\/5466\/revisions"}],"predecessor-version":[{"id":6077,"href":"https:\/\/bsr-sachverstaendige.de\/en\/wp-json\/wp\/v2\/pages\/5466\/revisions\/6077"}],"wp:attachment":[{"href":"https:\/\/bsr-sachverstaendige.de\/en\/wp-json\/wp\/v2\/media?parent=5466"}],"curies":[{"name":"wp","href":"https:\/\/api.w.org\/{rel}","templated":true}]}}