{"id":5146,"date":"2025-09-11T08:56:41","date_gmt":"2025-09-11T06:56:41","guid":{"rendered":"http:\/\/wordpress.p692940.webspaceconfig.de\/?page_id=5146"},"modified":"2025-10-14T13:08:28","modified_gmt":"2025-10-14T11:08:28","slug":"mitgliedersuche","status":"publish","type":"page","link":"https:\/\/bsr-sachverstaendige.de\/en\/mitgliedersuche\/","title":{"rendered":"Mitgliedersuche"},"content":{"rendered":"<div data-elementor-type=\"wp-page\" data-elementor-id=\"5146\" class=\"elementor elementor-5146\" data-elementor-post-type=\"page\">\n\t\t\t\t\t\t<section class=\"elementor-section elementor-top-section elementor-element elementor-element-1d46e14 elementor-section-full_width elementor-section-height-default elementor-section-height-default\" data-id=\"1d46e14\" data-element_type=\"section\" data-e-type=\"section\">\n\t\t\t\t\t\t<div class=\"elementor-container elementor-column-gap-no\">\n\t\t\t\t\t<div class=\"elementor-column elementor-col-100 elementor-top-column elementor-element elementor-element-20dd096\" data-id=\"20dd096\" data-element_type=\"column\" data-e-type=\"column\">\n\t\t\t<div class=\"elementor-widget-wrap elementor-element-populated\">\n\t\t\t\t\t\t<div class=\"elementor-element elementor-element-0df44cd elementor-widget elementor-widget-image\" data-id=\"0df44cd\" data-element_type=\"widget\" data-e-type=\"widget\" data-widget_type=\"image.default\">\n\t\t\t\t<div class=\"elementor-widget-container\">\n\t\t\t\t\t\t\t\t\t\t\t\t\t\t\t<img fetchpriority=\"high\" decoding=\"async\" width=\"1920\" height=\"500\" src=\"https:\/\/bsr-sachverstaendige.de\/wp-content\/uploads\/2025\/09\/header_slide_1.webp\" class=\"attachment-full size-full wp-image-5250\" alt=\"Baupl\u00e4ne mit Ma\u00dfstab, Stoffmustern und Taschenrechner\" srcset=\"https:\/\/bsr-sachverstaendige.de\/wp-content\/uploads\/2025\/09\/header_slide_1.webp 1920w, https:\/\/bsr-sachverstaendige.de\/wp-content\/uploads\/2025\/09\/header_slide_1-300x78.webp 300w, https:\/\/bsr-sachverstaendige.de\/wp-content\/uploads\/2025\/09\/header_slide_1-1024x267.webp 1024w, https:\/\/bsr-sachverstaendige.de\/wp-content\/uploads\/2025\/09\/header_slide_1-768x200.webp 768w, https:\/\/bsr-sachverstaendige.de\/wp-content\/uploads\/2025\/09\/header_slide_1-1536x400.webp 1536w\" sizes=\"(max-width: 1920px) 100vw, 1920px\" \/>\t\t\t\t\t\t\t\t\t\t\t\t\t\t\t<\/div>\n\t\t\t\t<\/div>\n\t\t\t\t\t<\/div>\n\t\t<\/div>\n\t\t\t\t\t<\/div>\n\t\t<\/section>\n\t\t\t\t<section class=\"elementor-section elementor-top-section elementor-element elementor-element-bdf660d elementor-section-boxed elementor-section-height-default elementor-section-height-default\" data-id=\"bdf660d\" data-element_type=\"section\" data-e-type=\"section\">\n\t\t\t\t\t\t<div class=\"elementor-container elementor-column-gap-default\">\n\t\t\t\t\t<div class=\"elementor-column elementor-col-100 elementor-top-column elementor-element elementor-element-c09650d\" data-id=\"c09650d\" data-element_type=\"column\" data-e-type=\"column\">\n\t\t\t<div class=\"elementor-widget-wrap elementor-element-populated\">\n\t\t\t\t\t\t<div class=\"elementor-element elementor-element-6bef7d1 elementor-widget elementor-widget-heading\" data-id=\"6bef7d1\" data-element_type=\"widget\" data-e-type=\"widget\" data-widget_type=\"heading.default\">\n\t\t\t\t<div class=\"elementor-widget-container\">\n\t\t\t\t\t<h2 class=\"elementor-heading-title elementor-size-default\">Mitgliedersuche<\/h2>\t\t\t\t<\/div>\n\t\t\t\t<\/div>\n\t\t\t\t<div class=\"elementor-element elementor-element-e5ebeae elementor-widget elementor-widget-text-editor\" data-id=\"e5ebeae\" data-element_type=\"widget\" data-e-type=\"widget\" data-widget_type=\"text-editor.default\">\n\t\t\t\t<div class=\"elementor-widget-container\">\n\t\t\t\t\t\t\t\t\t<p>Unter der Mitgliedersuche k\u00f6nnen Sie unsere Sachverst\u00e4ndigen nach Fachbereichen und Bundesland finden. Sollte f\u00fcr Ihr Bundesland nicht der geeignete Sachverst\u00e4ndige verf\u00fcgbar sein, wenden Sie sich bitte an uns, so das wir eine Empfehlung aussprechen k\u00f6nnen.<\/p>\t\t\t\t\t\t\t\t<\/div>\n\t\t\t\t<\/div>\n\t\t\t\t\t<\/div>\n\t\t<\/div>\n\t\t\t\t\t<\/div>\n\t\t<\/section>\n\t\t\t\t<section class=\"elementor-section elementor-top-section elementor-element elementor-element-175f0e1 elementor-section-boxed elementor-section-height-default elementor-section-height-default\" data-id=\"175f0e1\" data-element_type=\"section\" data-e-type=\"section\">\n\t\t\t\t\t\t<div class=\"elementor-container elementor-column-gap-default\">\n\t\t\t\t\t<div class=\"elementor-column elementor-col-100 elementor-top-column elementor-element elementor-element-7abdc53\" data-id=\"7abdc53\" data-element_type=\"column\" data-e-type=\"column\">\n\t\t\t<div class=\"elementor-widget-wrap elementor-element-populated\">\n\t\t\t\t\t\t<div class=\"elementor-element elementor-element-6d7575d elementor-widget elementor-widget-shortcode\" data-id=\"6d7575d\" data-element_type=\"widget\" data-e-type=\"widget\" data-widget_type=\"shortcode.default\">\n\t\t\t\t<div class=\"elementor-widget-container\">\n\t\t\t\t\t\t\t<div class=\"elementor-shortcode\"><\/div>\n\t\t\t\t\t\t<\/div>\n\t\t\t\t<\/div>\n\t\t\t\t\t<\/div>\n\t\t<\/div>\n\t\t\t\t\t<\/div>\n\t\t<\/section>\n\t\t\t\t<\/div>","protected":false},"excerpt":{"rendered":"<p>Mitgliedersuche Unter der Mitgliedersuche k\u00f6nnen Sie unsere Sachverst\u00e4ndigen nach Fachbereichen und Bundesland finden. Sollte f\u00fcr Ihr Bundesland nicht der geeignete Sachverst\u00e4ndige verf\u00fcgbar sein, wenden Sie sich bitte an uns, so das wir eine Empfehlung aussprechen k\u00f6nnen.<\/p>","protected":false},"author":5,"featured_media":0,"parent":0,"menu_order":0,"comment_status":"closed","ping_status":"closed","template":"","meta":{"footnotes":""},"class_list":["post-5146","page","type-page","status-publish","hentry"],"yoast_head":"<!-- This site is optimized with the Yoast SEO plugin v27.3 - https:\/\/yoast.com\/product\/yoast-seo-wordpress\/ -->\n<title>Mitgliedersuche - BSR<\/title>\n<meta name=\"robots\" content=\"index, follow, max-snippet:-1, max-image-preview:large, max-video-preview:-1\" \/>\n<link rel=\"canonical\" href=\"https:\/\/bsr-sachverstaendige.de\/en\/mitgliedersuche\/\" \/>\n<meta property=\"og:locale\" content=\"en_US\" \/>\n<meta property=\"og:type\" content=\"article\" \/>\n<meta property=\"og:title\" content=\"Mitgliedersuche - BSR\" \/>\n<meta property=\"og:description\" content=\"Mitgliedersuche Unter der Mitgliedersuche k\u00f6nnen Sie unsere Sachverst\u00e4ndigen nach Fachbereichen und Bundesland finden. Sollte f\u00fcr Ihr Bundesland nicht der geeignete Sachverst\u00e4ndige verf\u00fcgbar sein, wenden Sie sich bitte an uns, so das wir eine Empfehlung aussprechen k\u00f6nnen.\" \/>\n<meta property=\"og:url\" content=\"https:\/\/bsr-sachverstaendige.de\/en\/mitgliedersuche\/\" \/>\n<meta property=\"og:site_name\" content=\"BSR\" \/>\n<meta property=\"article:modified_time\" content=\"2025-10-14T11:08:28+00:00\" \/>\n<meta property=\"og:image\" content=\"http:\/\/wordpress.p692940.webspaceconfig.de\/wp-content\/uploads\/2025\/09\/header_slide_1.webp\" \/>\n<meta name=\"twitter:card\" content=\"summary_large_image\" \/>\n<meta name=\"twitter:label1\" content=\"Est. reading time\" \/>\n\t<meta name=\"twitter:data1\" content=\"1 minute\" \/>\n<script type=\"application\/ld+json\" class=\"yoast-schema-graph\">{\"@context\":\"https:\\\/\\\/schema.org\",\"@graph\":[{\"@type\":\"WebPage\",\"@id\":\"https:\\\/\\\/bsr-sachverstaendige.de\\\/mitgliedersuche\\\/\",\"url\":\"https:\\\/\\\/bsr-sachverstaendige.de\\\/mitgliedersuche\\\/\",\"name\":\"Mitgliedersuche - BSR\",\"isPartOf\":{\"@id\":\"https:\\\/\\\/bsr-sachverstaendige.de\\\/#website\"},\"primaryImageOfPage\":{\"@id\":\"https:\\\/\\\/bsr-sachverstaendige.de\\\/mitgliedersuche\\\/#primaryimage\"},\"image\":{\"@id\":\"https:\\\/\\\/bsr-sachverstaendige.de\\\/mitgliedersuche\\\/#primaryimage\"},\"thumbnailUrl\":\"http:\\\/\\\/wordpress.p692940.webspaceconfig.de\\\/wp-content\\\/uploads\\\/2025\\\/09\\\/header_slide_1.webp\",\"datePublished\":\"2025-09-11T06:56:41+00:00\",\"dateModified\":\"2025-10-14T11:08:28+00:00\",\"breadcrumb\":{\"@id\":\"https:\\\/\\\/bsr-sachverstaendige.de\\\/mitgliedersuche\\\/#breadcrumb\"},\"inLanguage\":\"en-US\",\"potentialAction\":[{\"@type\":\"ReadAction\",\"target\":[\"https:\\\/\\\/bsr-sachverstaendige.de\\\/mitgliedersuche\\\/\"]}]},{\"@type\":\"ImageObject\",\"inLanguage\":\"en-US\",\"@id\":\"https:\\\/\\\/bsr-sachverstaendige.de\\\/mitgliedersuche\\\/#primaryimage\",\"url\":\"http:\\\/\\\/wordpress.p692940.webspaceconfig.de\\\/wp-content\\\/uploads\\\/2025\\\/09\\\/header_slide_1.webp\",\"contentUrl\":\"http:\\\/\\\/wordpress.p692940.webspaceconfig.de\\\/wp-content\\\/uploads\\\/2025\\\/09\\\/header_slide_1.webp\"},{\"@type\":\"BreadcrumbList\",\"@id\":\"https:\\\/\\\/bsr-sachverstaendige.de\\\/mitgliedersuche\\\/#breadcrumb\",\"itemListElement\":[{\"@type\":\"ListItem\",\"position\":1,\"name\":\"Startseite\",\"item\":\"https:\\\/\\\/bsr-sachverstaendige.de\\\/\"},{\"@type\":\"ListItem\",\"position\":2,\"name\":\"Mitgliedersuche\"}]},{\"@type\":\"WebSite\",\"@id\":\"https:\\\/\\\/bsr-sachverstaendige.de\\\/#website\",\"url\":\"https:\\\/\\\/bsr-sachverstaendige.de\\\/\",\"name\":\"BSR\",\"description\":\"Bundesverband der vereidigten Sachverst\u00e4ndigen f\u00fcr Raum- und Ausstattung e.V.\",\"publisher\":{\"@id\":\"https:\\\/\\\/bsr-sachverstaendige.de\\\/#organization\"},\"potentialAction\":[{\"@type\":\"SearchAction\",\"target\":{\"@type\":\"EntryPoint\",\"urlTemplate\":\"https:\\\/\\\/bsr-sachverstaendige.de\\\/?s={search_term_string}\"},\"query-input\":{\"@type\":\"PropertyValueSpecification\",\"valueRequired\":true,\"valueName\":\"search_term_string\"}}],\"inLanguage\":\"en-US\"},{\"@type\":\"Organization\",\"@id\":\"https:\\\/\\\/bsr-sachverstaendige.de\\\/#organization\",\"name\":\"BSR\",\"url\":\"https:\\\/\\\/bsr-sachverstaendige.de\\\/\",\"logo\":{\"@type\":\"ImageObject\",\"inLanguage\":\"en-US\",\"@id\":\"https:\\\/\\\/bsr-sachverstaendige.de\\\/#\\\/schema\\\/logo\\\/image\\\/\",\"url\":\"https:\\\/\\\/bsr-sachverstaendige.de\\\/wp-content\\\/uploads\\\/2025\\\/09\\\/cropped-logo-bsr.webp\",\"contentUrl\":\"https:\\\/\\\/bsr-sachverstaendige.de\\\/wp-content\\\/uploads\\\/2025\\\/09\\\/cropped-logo-bsr.webp\",\"width\":155,\"height\":155,\"caption\":\"BSR\"},\"image\":{\"@id\":\"https:\\\/\\\/bsr-sachverstaendige.de\\\/#\\\/schema\\\/logo\\\/image\\\/\"}}]}<\/script>\n<!-- \/ Yoast SEO plugin. -->","yoast_head_json":{"title":"Mitgliedersuche - BSR","robots":{"index":"index","follow":"follow","max-snippet":"max-snippet:-1","max-image-preview":"max-image-preview:large","max-video-preview":"max-video-preview:-1"},"canonical":"https:\/\/bsr-sachverstaendige.de\/en\/mitgliedersuche\/","og_locale":"en_US","og_type":"article","og_title":"Mitgliedersuche - BSR","og_description":"Mitgliedersuche Unter der Mitgliedersuche k\u00f6nnen Sie unsere Sachverst\u00e4ndigen nach Fachbereichen und Bundesland finden. Sollte f\u00fcr Ihr Bundesland nicht der geeignete Sachverst\u00e4ndige verf\u00fcgbar sein, wenden Sie sich bitte an uns, so das wir eine Empfehlung aussprechen k\u00f6nnen.","og_url":"https:\/\/bsr-sachverstaendige.de\/en\/mitgliedersuche\/","og_site_name":"BSR","article_modified_time":"2025-10-14T11:08:28+00:00","og_image":[{"url":"http:\/\/wordpress.p692940.webspaceconfig.de\/wp-content\/uploads\/2025\/09\/header_slide_1.webp","type":"","width":"","height":""}],"twitter_card":"summary_large_image","twitter_misc":{"Est. reading time":"1 minute"},"schema":{"@context":"https:\/\/schema.org","@graph":[{"@type":"WebPage","@id":"https:\/\/bsr-sachverstaendige.de\/mitgliedersuche\/","url":"https:\/\/bsr-sachverstaendige.de\/mitgliedersuche\/","name":"Mitgliedersuche - BSR","isPartOf":{"@id":"https:\/\/bsr-sachverstaendige.de\/#website"},"primaryImageOfPage":{"@id":"https:\/\/bsr-sachverstaendige.de\/mitgliedersuche\/#primaryimage"},"image":{"@id":"https:\/\/bsr-sachverstaendige.de\/mitgliedersuche\/#primaryimage"},"thumbnailUrl":"http:\/\/wordpress.p692940.webspaceconfig.de\/wp-content\/uploads\/2025\/09\/header_slide_1.webp","datePublished":"2025-09-11T06:56:41+00:00","dateModified":"2025-10-14T11:08:28+00:00","breadcrumb":{"@id":"https:\/\/bsr-sachverstaendige.de\/mitgliedersuche\/#breadcrumb"},"inLanguage":"en-US","potentialAction":[{"@type":"ReadAction","target":["https:\/\/bsr-sachverstaendige.de\/mitgliedersuche\/"]}]},{"@type":"ImageObject","inLanguage":"en-US","@id":"https:\/\/bsr-sachverstaendige.de\/mitgliedersuche\/#primaryimage","url":"http:\/\/wordpress.p692940.webspaceconfig.de\/wp-content\/uploads\/2025\/09\/header_slide_1.webp","contentUrl":"http:\/\/wordpress.p692940.webspaceconfig.de\/wp-content\/uploads\/2025\/09\/header_slide_1.webp"},{"@type":"BreadcrumbList","@id":"https:\/\/bsr-sachverstaendige.de\/mitgliedersuche\/#breadcrumb","itemListElement":[{"@type":"ListItem","position":1,"name":"Startseite","item":"https:\/\/bsr-sachverstaendige.de\/"},{"@type":"ListItem","position":2,"name":"Mitgliedersuche"}]},{"@type":"WebSite","@id":"https:\/\/bsr-sachverstaendige.de\/#website","url":"https:\/\/bsr-sachverstaendige.de\/","name":"BSR","description":"Bundesverband der vereidigten Sachverst\u00e4ndigen f\u00fcr Raum- und Ausstattung e.V.","publisher":{"@id":"https:\/\/bsr-sachverstaendige.de\/#organization"},"potentialAction":[{"@type":"SearchAction","target":{"@type":"EntryPoint","urlTemplate":"https:\/\/bsr-sachverstaendige.de\/?s={search_term_string}"},"query-input":{"@type":"PropertyValueSpecification","valueRequired":true,"valueName":"search_term_string"}}],"inLanguage":"en-US"},{"@type":"Organization","@id":"https:\/\/bsr-sachverstaendige.de\/#organization","name":"BSR","url":"https:\/\/bsr-sachverstaendige.de\/","logo":{"@type":"ImageObject","inLanguage":"en-US","@id":"https:\/\/bsr-sachverstaendige.de\/#\/schema\/logo\/image\/","url":"https:\/\/bsr-sachverstaendige.de\/wp-content\/uploads\/2025\/09\/cropped-logo-bsr.webp","contentUrl":"https:\/\/bsr-sachverstaendige.de\/wp-content\/uploads\/2025\/09\/cropped-logo-bsr.webp","width":155,"height":155,"caption":"BSR"},"image":{"@id":"https:\/\/bsr-sachverstaendige.de\/#\/schema\/logo\/image\/"}}]}},"_links":{"self":[{"href":"https:\/\/bsr-sachverstaendige.de\/en\/wp-json\/wp\/v2\/pages\/5146","targetHints":{"allow":["GET"]}}],"collection":[{"href":"https:\/\/bsr-sachverstaendige.de\/en\/wp-json\/wp\/v2\/pages"}],"about":[{"href":"https:\/\/bsr-sachverstaendige.de\/en\/wp-json\/wp\/v2\/types\/page"}],"author":[{"embeddable":true,"href":"https:\/\/bsr-sachverstaendige.de\/en\/wp-json\/wp\/v2\/users\/5"}],"replies":[{"embeddable":true,"href":"https:\/\/bsr-sachverstaendige.de\/en\/wp-json\/wp\/v2\/comments?post=5146"}],"version-history":[{"count":73,"href":"https:\/\/bsr-sachverstaendige.de\/en\/wp-json\/wp\/v2\/pages\/5146\/revisions"}],"predecessor-version":[{"id":6551,"href":"https:\/\/bsr-sachverstaendige.de\/en\/wp-json\/wp\/v2\/pages\/5146\/revisions\/6551"}],"wp:attachment":[{"href":"https:\/\/bsr-sachverstaendige.de\/en\/wp-json\/wp\/v2\/media?parent=5146"}],"curies":[{"name":"wp","href":"https:\/\/api.w.org\/{rel}","templated":true}]}}