{"id":5130,"date":"2025-09-11T08:55:56","date_gmt":"2025-09-11T06:55:56","guid":{"rendered":"http:\/\/wordpress.p692940.webspaceconfig.de\/?page_id=5130"},"modified":"2025-10-14T14:39:57","modified_gmt":"2025-10-14T12:39:57","slug":"der-bsr","status":"publish","type":"page","link":"https:\/\/bsr-sachverstaendige.de\/en\/der-bsr\/","title":{"rendered":"Der BSR"},"content":{"rendered":"<div data-elementor-type=\"wp-page\" data-elementor-id=\"5130\" class=\"elementor elementor-5130\" data-elementor-post-type=\"page\">\n\t\t\t\t\t\t<section class=\"elementor-section elementor-top-section elementor-element elementor-element-d9440b7 elementor-section-full_width elementor-section-height-default elementor-section-height-default\" data-id=\"d9440b7\" data-element_type=\"section\" data-e-type=\"section\">\n\t\t\t\t\t\t<div class=\"elementor-container elementor-column-gap-no\">\n\t\t\t\t\t<div class=\"elementor-column elementor-col-100 elementor-top-column elementor-element elementor-element-c16cd08\" data-id=\"c16cd08\" data-element_type=\"column\" data-e-type=\"column\">\n\t\t\t<div class=\"elementor-widget-wrap elementor-element-populated\">\n\t\t\t\t\t\t<div class=\"elementor-element elementor-element-5f34548 elementor-widget elementor-widget-image\" data-id=\"5f34548\" data-element_type=\"widget\" data-e-type=\"widget\" data-widget_type=\"image.default\">\n\t\t\t\t<div class=\"elementor-widget-container\">\n\t\t\t\t\t\t\t\t\t\t\t\t\t\t\t<img fetchpriority=\"high\" decoding=\"async\" width=\"2560\" height=\"1707\" src=\"https:\/\/bsr-sachverstaendige.de\/wp-content\/uploads\/2025\/09\/katsia-jazwinska-RIb19_YSUX0-unsplash-scaled.webp\" class=\"attachment-full size-full wp-image-5652\" alt=\"ein Schlafzimmer mit Sofa und Kissen\" srcset=\"https:\/\/bsr-sachverstaendige.de\/wp-content\/uploads\/2025\/09\/katsia-jazwinska-RIb19_YSUX0-unsplash-scaled.webp 2560w, https:\/\/bsr-sachverstaendige.de\/wp-content\/uploads\/2025\/09\/katsia-jazwinska-RIb19_YSUX0-unsplash-300x200.webp 300w, https:\/\/bsr-sachverstaendige.de\/wp-content\/uploads\/2025\/09\/katsia-jazwinska-RIb19_YSUX0-unsplash-1024x683.webp 1024w, https:\/\/bsr-sachverstaendige.de\/wp-content\/uploads\/2025\/09\/katsia-jazwinska-RIb19_YSUX0-unsplash-768x512.webp 768w, https:\/\/bsr-sachverstaendige.de\/wp-content\/uploads\/2025\/09\/katsia-jazwinska-RIb19_YSUX0-unsplash-1536x1024.webp 1536w, https:\/\/bsr-sachverstaendige.de\/wp-content\/uploads\/2025\/09\/katsia-jazwinska-RIb19_YSUX0-unsplash-2048x1365.webp 2048w\" sizes=\"(max-width: 2560px) 100vw, 2560px\" \/>\t\t\t\t\t\t\t\t\t\t\t\t\t\t\t<\/div>\n\t\t\t\t<\/div>\n\t\t\t\t\t<\/div>\n\t\t<\/div>\n\t\t\t\t\t<\/div>\n\t\t<\/section>\n\t\t\t\t<section class=\"elementor-section elementor-top-section elementor-element elementor-element-5ec527f elementor-section-boxed elementor-section-height-default elementor-section-height-default\" data-id=\"5ec527f\" data-element_type=\"section\" data-e-type=\"section\">\n\t\t\t\t\t\t<div class=\"elementor-container elementor-column-gap-default\">\n\t\t\t\t\t<div class=\"elementor-column elementor-col-50 elementor-top-column elementor-element elementor-element-c4d12bd\" data-id=\"c4d12bd\" data-element_type=\"column\" data-e-type=\"column\">\n\t\t\t<div class=\"elementor-widget-wrap elementor-element-populated\">\n\t\t\t\t\t\t<div class=\"elementor-element elementor-element-a067f34 elementor-invisible elementor-widget elementor-widget-icon-box\" data-id=\"a067f34\" data-element_type=\"widget\" data-e-type=\"widget\" data-settings=\"{&quot;_animation&quot;:&quot;fadeInLeft&quot;}\" data-widget_type=\"icon-box.default\">\n\t\t\t\t<div class=\"elementor-widget-container\">\n\t\t\t\t\t\t\t<div class=\"elementor-icon-box-wrapper\">\n\n\t\t\t\n\t\t\t\t\t\t<div class=\"elementor-icon-box-content\">\n\n\t\t\t\t\t\t\t\t\t<h3 class=\"elementor-icon-box-title\">\n\t\t\t\t\t\t<span  >\n\t\t\t\t\t\t\tF\u00fcr was wir stehen!\t\t\t\t\t\t<\/span>\n\t\t\t\t\t<\/h3>\n\t\t\t\t\n\t\t\t\t\t\t\t\t\t<p class=\"elementor-icon-box-description\">\n\t\t\t\t\t\tUnsere Aufgaben und fachliche Gegebenheiten\t\t\t\t\t<\/p>\n\t\t\t\t\n\t\t\t<\/div>\n\t\t\t\n\t\t<\/div>\n\t\t\t\t\t\t<\/div>\n\t\t\t\t<\/div>\n\t\t\t\t\t<\/div>\n\t\t<\/div>\n\t\t\t\t<div class=\"elementor-column elementor-col-50 elementor-top-column elementor-element elementor-element-a05ce58\" data-id=\"a05ce58\" data-element_type=\"column\" data-e-type=\"column\">\n\t\t\t<div class=\"elementor-widget-wrap\">\n\t\t\t\t\t\t\t<\/div>\n\t\t<\/div>\n\t\t\t\t\t<\/div>\n\t\t<\/section>\n\t\t\t\t<section class=\"elementor-section elementor-top-section elementor-element elementor-element-9c1ffcf elementor-section-boxed elementor-section-height-default elementor-section-height-default\" data-id=\"9c1ffcf\" data-element_type=\"section\" data-e-type=\"section\">\n\t\t\t\t\t\t<div class=\"elementor-container elementor-column-gap-default\">\n\t\t\t\t\t<div class=\"elementor-column elementor-col-100 elementor-top-column elementor-element elementor-element-9b6c8aa\" data-id=\"9b6c8aa\" data-element_type=\"column\" data-e-type=\"column\">\n\t\t\t<div class=\"elementor-widget-wrap elementor-element-populated\">\n\t\t\t\t\t\t<div class=\"elementor-element elementor-element-ea9ba4b elementor-widget elementor-widget-heading\" data-id=\"ea9ba4b\" data-element_type=\"widget\" data-e-type=\"widget\" data-widget_type=\"heading.default\">\n\t\t\t\t<div class=\"elementor-widget-container\">\n\t\t\t\t\t<h2 class=\"elementor-heading-title elementor-size-default\">Aufgaben und Ziele<\/h2>\t\t\t\t<\/div>\n\t\t\t\t<\/div>\n\t\t\t\t<div class=\"elementor-element elementor-element-055de5f elementor-widget elementor-widget-text-editor\" data-id=\"055de5f\" data-element_type=\"widget\" data-e-type=\"widget\" data-widget_type=\"text-editor.default\">\n\t\t\t\t<div class=\"elementor-widget-container\">\n\t\t\t\t\t\t\t\t\t<p class=\"p1\">Der BSR bietet mit, von den Bestellungskammern anerkannten Qualifizierungsseminaren, die M\u00f6glichkeit die Schwerpunkte der Bestellungen zu erweitern oder sich zu spezialisieren.<\/p><p class=\"p1\">Der BSR veranstaltet neben seiner mehrt\u00e4gigen Jahrestagung an wechselnden Orten, mehrere\u00a0<span class=\"s1\">Fachseminare\u00a0<\/span>im Jahr. Die spezifischen\u00a0Seminare finden in der Regel an Standorten der\u00a0Branche statt. Zudem\u00a0gibt es verschieden Partnerschaften mit den Sachverst\u00e4ndigen des\u00a0<a href=\"https:\/\/www.bv-parkett.de\/\" target=\"_blank\" rel=\"noopener\"><span class=\"s1\">BVPF (Bundesverband Parkett und Fu\u00dfbodentechnik)<\/span><\/a>\u00a0dem\u00a0<a href=\"https:\/\/www.dtv-deutschland.org\/\" target=\"_blank\" rel=\"noopener\">DTV (Deutscher Textilreiniger Verband e.V.)<\/a>\u00a0sowie dem\u00a0<a class=\"\" href=\"https:\/\/www.bvfr.org\/\" target=\"_blank\" rel=\"noopener\"><span class=\"s1\">BVFR (Bundesverband Fahrzeugausstattung und Reitsportausr\u00fcstung e.V.)<\/span><\/a><\/p><p class=\"p1\">Weiterhin \u00fcbernimmt der BSR seit \u00fcber 40 Jahren mit ausdr\u00fccklicher Unterst\u00fctzung des ZDH, die fachliche \u00dcberpr\u00fcfung der\u00a0Sachverst\u00e4ndigen \u2013 Anw\u00e4rter f\u00fcr das\u00a0Raumausstatterhandwerk das Sattlerhandwerk sowie f\u00fcr das Bodenleger Gewerbe. Mit seinen Pr\u00fcfungsparametern war und ist der BSR richtungsweisend und anerkannt f\u00fcr das gesamte Handwerk.<\/p>\t\t\t\t\t\t\t\t<\/div>\n\t\t\t\t<\/div>\n\t\t\t\t<div class=\"elementor-element elementor-element-59ff7be elementor-align-center elementor-widget elementor-widget-button\" data-id=\"59ff7be\" data-element_type=\"widget\" data-e-type=\"widget\" data-widget_type=\"button.default\">\n\t\t\t\t<div class=\"elementor-widget-container\">\n\t\t\t\t\t\t\t\t\t<div class=\"elementor-button-wrapper\">\n\t\t\t\t\t<a class=\"elementor-button elementor-button-link elementor-size-sm\" href=\"mailto:info@bsr-sachverstaendige.de\">\n\t\t\t\t\t\t<span class=\"elementor-button-content-wrapper\">\n\t\t\t\t\t\t\t\t\t<span class=\"elementor-button-text\">Anfragen oder Bestellung<\/span>\n\t\t\t\t\t<\/span>\n\t\t\t\t\t<\/a>\n\t\t\t\t<\/div>\n\t\t\t\t\t\t\t\t<\/div>\n\t\t\t\t<\/div>\n\t\t\t\t\t<\/div>\n\t\t<\/div>\n\t\t\t\t\t<\/div>\n\t\t<\/section>\n\t\t\t\t<section class=\"elementor-section elementor-top-section elementor-element elementor-element-6b661da elementor-section-full_width elementor-section-height-default elementor-section-height-default\" data-id=\"6b661da\" data-element_type=\"section\" data-e-type=\"section\" data-settings=\"{&quot;background_background&quot;:&quot;classic&quot;}\">\n\t\t\t\t\t\t<div class=\"elementor-container elementor-column-gap-default\">\n\t\t\t\t\t<div class=\"elementor-column elementor-col-100 elementor-top-column elementor-element elementor-element-1172aeb elementor-invisible\" data-id=\"1172aeb\" data-element_type=\"column\" data-e-type=\"column\" data-settings=\"{&quot;background_background&quot;:&quot;classic&quot;,&quot;animation&quot;:&quot;fadeInRight&quot;}\">\n\t\t\t<div class=\"elementor-widget-wrap elementor-element-populated\">\n\t\t\t\t\t\t<div class=\"elementor-element elementor-element-4619422 elementor-widget elementor-widget-text-editor\" data-id=\"4619422\" data-element_type=\"widget\" data-e-type=\"widget\" data-widget_type=\"text-editor.default\">\n\t\t\t\t<div class=\"elementor-widget-container\">\n\t\t\t\t\t\t\t\t\t<p><u>Folgende Leistungen bieten unsere BSR Sachverst\u00e4ndigen:<\/u><\/p><p>Privatgutachten | Gerichtsgutachten | Schiedsgutachten | Versicherungsgutachten | Beratungen | Schulungen &amp; Seminare | Mitwirkung bei Forschungsvorhaben und Normenaussch\u00fcssen | Erstellung von technischen Merkbl\u00e4ttern<\/p><p>Anfragen bitten wir an unsere\u00a0<a href=\"https:\/\/bsr-sachverstaendige.de\/en\/Impressum\/\">Gesch\u00e4ftsstelle<\/a>\u00a0oder den jeweiligen Fachbereichsleiter zu richten.<\/p>\t\t\t\t\t\t\t\t<\/div>\n\t\t\t\t<\/div>\n\t\t\t\t<div class=\"elementor-element elementor-element-3de2b0d elementor-align-center elementor-widget elementor-widget-button\" data-id=\"3de2b0d\" data-element_type=\"widget\" data-e-type=\"widget\" data-widget_type=\"button.default\">\n\t\t\t\t<div class=\"elementor-widget-container\">\n\t\t\t\t\t\t\t\t\t<div class=\"elementor-button-wrapper\">\n\t\t\t\t\t<a class=\"elementor-button elementor-button-link elementor-size-sm\" href=\"https:\/\/bsr-sachverstaendige.de\/en\/fachbereiche\/\">\n\t\t\t\t\t\t<span class=\"elementor-button-content-wrapper\">\n\t\t\t\t\t\t\t\t\t<span class=\"elementor-button-text\">Hier gelangen Sie zu unseren Fachbereichen<\/span>\n\t\t\t\t\t<\/span>\n\t\t\t\t\t<\/a>\n\t\t\t\t<\/div>\n\t\t\t\t\t\t\t\t<\/div>\n\t\t\t\t<\/div>\n\t\t\t\t\t<\/div>\n\t\t<\/div>\n\t\t\t\t\t<\/div>\n\t\t<\/section>\n\t\t\t\t<section class=\"elementor-section elementor-top-section elementor-element elementor-element-0f52953 elementor-section-boxed elementor-section-height-default elementor-section-height-default\" data-id=\"0f52953\" data-element_type=\"section\" data-e-type=\"section\">\n\t\t\t\t\t\t<div class=\"elementor-container elementor-column-gap-default\">\n\t\t\t\t\t<div class=\"elementor-column elementor-col-100 elementor-top-column elementor-element elementor-element-0ccf26f\" data-id=\"0ccf26f\" data-element_type=\"column\" data-e-type=\"column\">\n\t\t\t<div class=\"elementor-widget-wrap elementor-element-populated\">\n\t\t\t\t\t\t<div class=\"elementor-element elementor-element-b207732 elementor-widget-divider--view-line elementor-widget elementor-widget-divider\" data-id=\"b207732\" data-element_type=\"widget\" data-e-type=\"widget\" data-widget_type=\"divider.default\">\n\t\t\t\t<div class=\"elementor-widget-container\">\n\t\t\t\t\t\t\t<div class=\"elementor-divider\">\n\t\t\t<span class=\"elementor-divider-separator\">\n\t\t\t\t\t\t<\/span>\n\t\t<\/div>\n\t\t\t\t\t\t<\/div>\n\t\t\t\t<\/div>\n\t\t\t\t\t<\/div>\n\t\t<\/div>\n\t\t\t\t\t<\/div>\n\t\t<\/section>\n\t\t\t\t<section class=\"elementor-section elementor-top-section elementor-element elementor-element-6986875 elementor-section-boxed elementor-section-height-default elementor-section-height-default\" data-id=\"6986875\" data-element_type=\"section\" data-e-type=\"section\">\n\t\t\t\t\t\t<div class=\"elementor-container elementor-column-gap-default\">\n\t\t\t\t\t<div class=\"elementor-column elementor-col-50 elementor-top-column elementor-element elementor-element-2922ebe\" data-id=\"2922ebe\" data-element_type=\"column\" data-e-type=\"column\">\n\t\t\t<div class=\"elementor-widget-wrap elementor-element-populated\">\n\t\t\t\t\t\t<div class=\"elementor-element elementor-element-be60749 elementor-widget elementor-widget-image\" data-id=\"be60749\" data-element_type=\"widget\" data-e-type=\"widget\" data-widget_type=\"image.default\">\n\t\t\t\t<div class=\"elementor-widget-container\">\n\t\t\t\t\t\t\t\t\t\t\t\t\t\t\t<img decoding=\"async\" width=\"2560\" height=\"1707\" src=\"https:\/\/bsr-sachverstaendige.de\/wp-content\/uploads\/2025\/09\/Aufgaben-1-scaled.webp\" class=\"attachment-full size-full wp-image-5683\" alt=\"Die Teilnehmende einer Schulung machen Notizen\" srcset=\"https:\/\/bsr-sachverstaendige.de\/wp-content\/uploads\/2025\/09\/Aufgaben-1-scaled.webp 2560w, https:\/\/bsr-sachverstaendige.de\/wp-content\/uploads\/2025\/09\/Aufgaben-1-300x200.webp 300w, https:\/\/bsr-sachverstaendige.de\/wp-content\/uploads\/2025\/09\/Aufgaben-1-1024x683.webp 1024w, https:\/\/bsr-sachverstaendige.de\/wp-content\/uploads\/2025\/09\/Aufgaben-1-768x512.webp 768w, https:\/\/bsr-sachverstaendige.de\/wp-content\/uploads\/2025\/09\/Aufgaben-1-1536x1024.webp 1536w, https:\/\/bsr-sachverstaendige.de\/wp-content\/uploads\/2025\/09\/Aufgaben-1-2048x1365.webp 2048w\" sizes=\"(max-width: 2560px) 100vw, 2560px\" \/>\t\t\t\t\t\t\t\t\t\t\t\t\t\t\t<\/div>\n\t\t\t\t<\/div>\n\t\t\t\t\t<\/div>\n\t\t<\/div>\n\t\t\t\t<div class=\"elementor-column elementor-col-50 elementor-top-column elementor-element elementor-element-318f5c0\" data-id=\"318f5c0\" data-element_type=\"column\" data-e-type=\"column\">\n\t\t\t<div class=\"elementor-widget-wrap elementor-element-populated\">\n\t\t\t\t\t\t<div class=\"elementor-element elementor-element-c80879f elementor-widget elementor-widget-heading\" data-id=\"c80879f\" data-element_type=\"widget\" data-e-type=\"widget\" data-widget_type=\"heading.default\">\n\t\t\t\t<div class=\"elementor-widget-container\">\n\t\t\t\t\t<h2 class=\"elementor-heading-title elementor-size-default\">Ausbildung und Pr\u00fcfung<\/h2>\t\t\t\t<\/div>\n\t\t\t\t<\/div>\n\t\t\t\t<div class=\"elementor-element elementor-element-4bdaba1 elementor-widget elementor-widget-text-editor\" data-id=\"4bdaba1\" data-element_type=\"widget\" data-e-type=\"widget\" data-widget_type=\"text-editor.default\">\n\t\t\t\t<div class=\"elementor-widget-container\">\n\t\t\t\t\t\t\t\t\t<p>Die fachliche\u00a0\u00dcberpr\u00fcfung der\u00a0Sachverst\u00e4ndigen-Anw\u00e4rter\u00a0f\u00fcr das Raumausstatterhandwerk das Sattlerhandwerk sowie f\u00fcr das Bodenleger Gewerbe obliegt mit Unterst\u00fctzung des\u00a0<a class=\"\" href=\"https:\/\/www.zdh.de\/\" target=\"_blank\" rel=\"noopener\">ZDH (Zentralverband des deutschen Handwerks)<\/a>\u00a0ebenso dem BSR.<\/p>\t\t\t\t\t\t\t\t<\/div>\n\t\t\t\t<\/div>\n\t\t\t\t\t<\/div>\n\t\t<\/div>\n\t\t\t\t\t<\/div>\n\t\t<\/section>\n\t\t\t\t<\/div>","protected":false},"excerpt":{"rendered":"<p>F\u00fcr was wir stehen! Unsere Aufgaben und fachliche Gegebenheiten Aufgaben und Ziele Der BSR bietet mit, von den Bestellungskammern anerkannten Qualifizierungsseminaren, die M\u00f6glichkeit die Schwerpunkte der Bestellungen zu erweitern oder sich zu spezialisieren. Der BSR veranstaltet neben seiner mehrt\u00e4gigen Jahrestagung an wechselnden Orten, mehrere\u00a0Fachseminare\u00a0im Jahr. Die spezifischen\u00a0Seminare finden in der Regel an Standorten der\u00a0Branche statt. [&hellip;]<\/p>\n","protected":false},"author":5,"featured_media":0,"parent":0,"menu_order":0,"comment_status":"closed","ping_status":"closed","template":"","meta":{"footnotes":""},"class_list":["post-5130","page","type-page","status-publish","hentry"],"yoast_head":"<!-- This site is optimized with the Yoast SEO plugin v27.3 - https:\/\/yoast.com\/product\/yoast-seo-wordpress\/ -->\n<title>Der BSR - BSR<\/title>\n<meta name=\"robots\" content=\"index, follow, max-snippet:-1, max-image-preview:large, max-video-preview:-1\" \/>\n<link rel=\"canonical\" href=\"https:\/\/bsr-sachverstaendige.de\/en\/der-bsr\/\" \/>\n<meta property=\"og:locale\" content=\"en_US\" \/>\n<meta property=\"og:type\" content=\"article\" \/>\n<meta property=\"og:title\" content=\"Der BSR - BSR\" \/>\n<meta property=\"og:description\" content=\"F\u00fcr was wir stehen! Unsere Aufgaben und fachliche Gegebenheiten Aufgaben und Ziele Der BSR bietet mit, von den Bestellungskammern anerkannten Qualifizierungsseminaren, die M\u00f6glichkeit die Schwerpunkte der Bestellungen zu erweitern oder sich zu spezialisieren. Der BSR veranstaltet neben seiner mehrt\u00e4gigen Jahrestagung an wechselnden Orten, mehrere\u00a0Fachseminare\u00a0im Jahr. Die spezifischen\u00a0Seminare finden in der Regel an Standorten der\u00a0Branche statt. [&hellip;]\" \/>\n<meta property=\"og:url\" content=\"https:\/\/bsr-sachverstaendige.de\/en\/der-bsr\/\" \/>\n<meta property=\"og:site_name\" content=\"BSR\" \/>\n<meta property=\"article:modified_time\" content=\"2025-10-14T12:39:57+00:00\" \/>\n<meta property=\"og:image\" content=\"http:\/\/wordpress.p692940.webspaceconfig.de\/wp-content\/uploads\/2025\/09\/katsia-jazwinska-RIb19_YSUX0-unsplash-scaled.webp\" \/>\n<meta name=\"twitter:card\" content=\"summary_large_image\" \/>\n<meta name=\"twitter:label1\" content=\"Est. reading time\" \/>\n\t<meta name=\"twitter:data1\" content=\"2 minutes\" \/>\n<script type=\"application\/ld+json\" class=\"yoast-schema-graph\">{\"@context\":\"https:\\\/\\\/schema.org\",\"@graph\":[{\"@type\":\"WebPage\",\"@id\":\"https:\\\/\\\/bsr-sachverstaendige.de\\\/der-bsr\\\/\",\"url\":\"https:\\\/\\\/bsr-sachverstaendige.de\\\/der-bsr\\\/\",\"name\":\"Der BSR - BSR\",\"isPartOf\":{\"@id\":\"https:\\\/\\\/bsr-sachverstaendige.de\\\/#website\"},\"primaryImageOfPage\":{\"@id\":\"https:\\\/\\\/bsr-sachverstaendige.de\\\/der-bsr\\\/#primaryimage\"},\"image\":{\"@id\":\"https:\\\/\\\/bsr-sachverstaendige.de\\\/der-bsr\\\/#primaryimage\"},\"thumbnailUrl\":\"http:\\\/\\\/wordpress.p692940.webspaceconfig.de\\\/wp-content\\\/uploads\\\/2025\\\/09\\\/katsia-jazwinska-RIb19_YSUX0-unsplash-scaled.webp\",\"datePublished\":\"2025-09-11T06:55:56+00:00\",\"dateModified\":\"2025-10-14T12:39:57+00:00\",\"breadcrumb\":{\"@id\":\"https:\\\/\\\/bsr-sachverstaendige.de\\\/der-bsr\\\/#breadcrumb\"},\"inLanguage\":\"en-US\",\"potentialAction\":[{\"@type\":\"ReadAction\",\"target\":[\"https:\\\/\\\/bsr-sachverstaendige.de\\\/der-bsr\\\/\"]}]},{\"@type\":\"ImageObject\",\"inLanguage\":\"en-US\",\"@id\":\"https:\\\/\\\/bsr-sachverstaendige.de\\\/der-bsr\\\/#primaryimage\",\"url\":\"http:\\\/\\\/wordpress.p692940.webspaceconfig.de\\\/wp-content\\\/uploads\\\/2025\\\/09\\\/katsia-jazwinska-RIb19_YSUX0-unsplash-scaled.webp\",\"contentUrl\":\"http:\\\/\\\/wordpress.p692940.webspaceconfig.de\\\/wp-content\\\/uploads\\\/2025\\\/09\\\/katsia-jazwinska-RIb19_YSUX0-unsplash-scaled.webp\"},{\"@type\":\"BreadcrumbList\",\"@id\":\"https:\\\/\\\/bsr-sachverstaendige.de\\\/der-bsr\\\/#breadcrumb\",\"itemListElement\":[{\"@type\":\"ListItem\",\"position\":1,\"name\":\"Startseite\",\"item\":\"https:\\\/\\\/bsr-sachverstaendige.de\\\/\"},{\"@type\":\"ListItem\",\"position\":2,\"name\":\"Der BSR\"}]},{\"@type\":\"WebSite\",\"@id\":\"https:\\\/\\\/bsr-sachverstaendige.de\\\/#website\",\"url\":\"https:\\\/\\\/bsr-sachverstaendige.de\\\/\",\"name\":\"BSR\",\"description\":\"Bundesverband der vereidigten Sachverst\u00e4ndigen f\u00fcr Raum- und Ausstattung e.V.\",\"publisher\":{\"@id\":\"https:\\\/\\\/bsr-sachverstaendige.de\\\/#organization\"},\"potentialAction\":[{\"@type\":\"SearchAction\",\"target\":{\"@type\":\"EntryPoint\",\"urlTemplate\":\"https:\\\/\\\/bsr-sachverstaendige.de\\\/?s={search_term_string}\"},\"query-input\":{\"@type\":\"PropertyValueSpecification\",\"valueRequired\":true,\"valueName\":\"search_term_string\"}}],\"inLanguage\":\"en-US\"},{\"@type\":\"Organization\",\"@id\":\"https:\\\/\\\/bsr-sachverstaendige.de\\\/#organization\",\"name\":\"BSR\",\"url\":\"https:\\\/\\\/bsr-sachverstaendige.de\\\/\",\"logo\":{\"@type\":\"ImageObject\",\"inLanguage\":\"en-US\",\"@id\":\"https:\\\/\\\/bsr-sachverstaendige.de\\\/#\\\/schema\\\/logo\\\/image\\\/\",\"url\":\"https:\\\/\\\/bsr-sachverstaendige.de\\\/wp-content\\\/uploads\\\/2025\\\/09\\\/cropped-logo-bsr.webp\",\"contentUrl\":\"https:\\\/\\\/bsr-sachverstaendige.de\\\/wp-content\\\/uploads\\\/2025\\\/09\\\/cropped-logo-bsr.webp\",\"width\":155,\"height\":155,\"caption\":\"BSR\"},\"image\":{\"@id\":\"https:\\\/\\\/bsr-sachverstaendige.de\\\/#\\\/schema\\\/logo\\\/image\\\/\"}}]}<\/script>\n<!-- \/ Yoast SEO plugin. -->","yoast_head_json":{"title":"Der BSR - BSR","robots":{"index":"index","follow":"follow","max-snippet":"max-snippet:-1","max-image-preview":"max-image-preview:large","max-video-preview":"max-video-preview:-1"},"canonical":"https:\/\/bsr-sachverstaendige.de\/en\/der-bsr\/","og_locale":"en_US","og_type":"article","og_title":"Der BSR - BSR","og_description":"F\u00fcr was wir stehen! Unsere Aufgaben und fachliche Gegebenheiten Aufgaben und Ziele Der BSR bietet mit, von den Bestellungskammern anerkannten Qualifizierungsseminaren, die M\u00f6glichkeit die Schwerpunkte der Bestellungen zu erweitern oder sich zu spezialisieren. Der BSR veranstaltet neben seiner mehrt\u00e4gigen Jahrestagung an wechselnden Orten, mehrere\u00a0Fachseminare\u00a0im Jahr. Die spezifischen\u00a0Seminare finden in der Regel an Standorten der\u00a0Branche statt. [&hellip;]","og_url":"https:\/\/bsr-sachverstaendige.de\/en\/der-bsr\/","og_site_name":"BSR","article_modified_time":"2025-10-14T12:39:57+00:00","og_image":[{"url":"http:\/\/wordpress.p692940.webspaceconfig.de\/wp-content\/uploads\/2025\/09\/katsia-jazwinska-RIb19_YSUX0-unsplash-scaled.webp","type":"","width":"","height":""}],"twitter_card":"summary_large_image","twitter_misc":{"Est. reading time":"2 minutes"},"schema":{"@context":"https:\/\/schema.org","@graph":[{"@type":"WebPage","@id":"https:\/\/bsr-sachverstaendige.de\/der-bsr\/","url":"https:\/\/bsr-sachverstaendige.de\/der-bsr\/","name":"Der BSR - BSR","isPartOf":{"@id":"https:\/\/bsr-sachverstaendige.de\/#website"},"primaryImageOfPage":{"@id":"https:\/\/bsr-sachverstaendige.de\/der-bsr\/#primaryimage"},"image":{"@id":"https:\/\/bsr-sachverstaendige.de\/der-bsr\/#primaryimage"},"thumbnailUrl":"http:\/\/wordpress.p692940.webspaceconfig.de\/wp-content\/uploads\/2025\/09\/katsia-jazwinska-RIb19_YSUX0-unsplash-scaled.webp","datePublished":"2025-09-11T06:55:56+00:00","dateModified":"2025-10-14T12:39:57+00:00","breadcrumb":{"@id":"https:\/\/bsr-sachverstaendige.de\/der-bsr\/#breadcrumb"},"inLanguage":"en-US","potentialAction":[{"@type":"ReadAction","target":["https:\/\/bsr-sachverstaendige.de\/der-bsr\/"]}]},{"@type":"ImageObject","inLanguage":"en-US","@id":"https:\/\/bsr-sachverstaendige.de\/der-bsr\/#primaryimage","url":"http:\/\/wordpress.p692940.webspaceconfig.de\/wp-content\/uploads\/2025\/09\/katsia-jazwinska-RIb19_YSUX0-unsplash-scaled.webp","contentUrl":"http:\/\/wordpress.p692940.webspaceconfig.de\/wp-content\/uploads\/2025\/09\/katsia-jazwinska-RIb19_YSUX0-unsplash-scaled.webp"},{"@type":"BreadcrumbList","@id":"https:\/\/bsr-sachverstaendige.de\/der-bsr\/#breadcrumb","itemListElement":[{"@type":"ListItem","position":1,"name":"Startseite","item":"https:\/\/bsr-sachverstaendige.de\/"},{"@type":"ListItem","position":2,"name":"Der BSR"}]},{"@type":"WebSite","@id":"https:\/\/bsr-sachverstaendige.de\/#website","url":"https:\/\/bsr-sachverstaendige.de\/","name":"BSR","description":"Bundesverband der vereidigten Sachverst\u00e4ndigen f\u00fcr Raum- und Ausstattung e.V.","publisher":{"@id":"https:\/\/bsr-sachverstaendige.de\/#organization"},"potentialAction":[{"@type":"SearchAction","target":{"@type":"EntryPoint","urlTemplate":"https:\/\/bsr-sachverstaendige.de\/?s={search_term_string}"},"query-input":{"@type":"PropertyValueSpecification","valueRequired":true,"valueName":"search_term_string"}}],"inLanguage":"en-US"},{"@type":"Organization","@id":"https:\/\/bsr-sachverstaendige.de\/#organization","name":"BSR","url":"https:\/\/bsr-sachverstaendige.de\/","logo":{"@type":"ImageObject","inLanguage":"en-US","@id":"https:\/\/bsr-sachverstaendige.de\/#\/schema\/logo\/image\/","url":"https:\/\/bsr-sachverstaendige.de\/wp-content\/uploads\/2025\/09\/cropped-logo-bsr.webp","contentUrl":"https:\/\/bsr-sachverstaendige.de\/wp-content\/uploads\/2025\/09\/cropped-logo-bsr.webp","width":155,"height":155,"caption":"BSR"},"image":{"@id":"https:\/\/bsr-sachverstaendige.de\/#\/schema\/logo\/image\/"}}]}},"_links":{"self":[{"href":"https:\/\/bsr-sachverstaendige.de\/en\/wp-json\/wp\/v2\/pages\/5130","targetHints":{"allow":["GET"]}}],"collection":[{"href":"https:\/\/bsr-sachverstaendige.de\/en\/wp-json\/wp\/v2\/pages"}],"about":[{"href":"https:\/\/bsr-sachverstaendige.de\/en\/wp-json\/wp\/v2\/types\/page"}],"author":[{"embeddable":true,"href":"https:\/\/bsr-sachverstaendige.de\/en\/wp-json\/wp\/v2\/users\/5"}],"replies":[{"embeddable":true,"href":"https:\/\/bsr-sachverstaendige.de\/en\/wp-json\/wp\/v2\/comments?post=5130"}],"version-history":[{"count":160,"href":"https:\/\/bsr-sachverstaendige.de\/en\/wp-json\/wp\/v2\/pages\/5130\/revisions"}],"predecessor-version":[{"id":6582,"href":"https:\/\/bsr-sachverstaendige.de\/en\/wp-json\/wp\/v2\/pages\/5130\/revisions\/6582"}],"wp:attachment":[{"href":"https:\/\/bsr-sachverstaendige.de\/en\/wp-json\/wp\/v2\/media?parent=5130"}],"curies":[{"name":"wp","href":"https:\/\/api.w.org\/{rel}","templated":true}]}}